{"id":156,"date":"2018-12-17T21:29:16","date_gmt":"2018-12-18T02:29:16","guid":{"rendered":"http:\/\/lagrandeforet.ca\/?page_id=156"},"modified":"2025-07-29T12:36:58","modified_gmt":"2025-07-29T16:36:58","slug":"home","status":"publish","type":"page","link":"https:\/\/lagrandeforet.ca\/fr\/","title":{"rendered":"Accueil"},"content":{"rendered":"<div id=\"pl-156\"  class=\"panel-layout\" ><div id=\"pg-156-0\"  class=\"panel-grid panel-has-style\" ><div class=\"siteorigin-panels-stretch panel-row-style panel-row-style-for-156-0\" data-stretch-type=\"full-width-stretch\" ><div id=\"pgc-156-0-0\"  class=\"panel-grid-cell\" ><div id=\"panel-156-0-0-0\" class=\"so-panel widget widget_sow-editor panel-first-child\" data-index=\"0\" ><div class=\"panel-widget-style panel-widget-style-for-156-0-0-0\" ><div\n\t\t\t\n\t\t\tclass=\"so-widget-sow-editor so-widget-sow-editor-base\"\n\t\t\t\n\t\t>\n<div class=\"siteorigin-widget-tinymce textwidget\">\n\t<h2 style=\"text-align: center;\"><a href=\"https:\/\/lagrandeforetreserve.ca\/fr\/projet\/\" target=\"_blank\" rel=\"noopener\"><strong>La Grande For\u00eat R\u00e9serve<\/strong><\/a><\/h2>\n<p style=\"text-align: center;\">La communaut\u00e9 de La Grande For\u00eat est ravie d'inaugurer sa nouvelle phase, <a href=\"https:\/\/lagrandeforetreserve.ca\/fr\/projet\/\" target=\"_blank\" rel=\"noopener\"><strong>La Grande For\u00eat R\u00e9serve<\/strong><\/a>, avec 17 magnifiques terrains de plus de 2,5 acres pr\u00eats \u00e0 construire. Ces terrains sont situ\u00e9s dans les hauteurs de La Grande For\u00eat, au c\u0153ur d'une for\u00eat de feuillus spectaculaire offrant une vue imprenable sur la for\u00eat.<\/p>\n<p style=\"text-align: center;\">Pour une visite priv\u00e9e des terrains, veuillez appeler le <a href=\"tel:+18194250801\"><strong>(819) 425-0801<\/strong>.<\/a><\/p>\n<\/div>\n<\/div><\/div><\/div><div id=\"panel-156-0-0-1\" class=\"so-panel widget widget_sow-button panel-last-child\" data-index=\"1\" ><div\n\t\t\t\n\t\t\tclass=\"so-widget-sow-button so-widget-sow-button-flat-d3970664e55d-156\"\n\t\t\t\n\t\t><div class=\"ow-button-base ow-button-align-center\"\n>\n\t\t\t<a\n\t\t\t\t\thref=\"https:\/\/lagrandeforetreserve.ca\/fr\/projet\/\"\n\t\t\t\t\tclass=\"sowb-button ow-icon-placement-left ow-button-hover\" target=\"_blank\" rel=\"noopener noreferrer\" \t>\n\t\t<span>\n\t\t\t\n\t\t\tCLIQUEZ ICI POUR PLUS D'INFORMATIONS \t\t<\/span>\n\t\t\t<\/a>\n\t<\/div>\n<\/div><\/div><\/div><\/div><\/div><div id=\"pg-156-1\"  class=\"panel-grid panel-has-style\" ><div class=\"siteorigin-panels-stretch panel-row-style panel-row-style-for-156-1\" data-stretch-type=\"full-width-stretch\" ><div id=\"pgc-156-1-0\"  class=\"panel-grid-cell\" ><div id=\"panel-156-1-0-0\" class=\"so-panel widget widget_media_image panel-first-child panel-last-child\" data-index=\"2\" ><div class=\"fullimg panel-widget-style panel-widget-style-for-156-1-0-0\" ><a href=\"\/fr\/nouvelle-phase-natur\/\"><img loading=\"lazy\" decoding=\"async\" width=\"1905\" height=\"773\" src=\"https:\/\/lagrandeforet.ca\/fr\/wp-content\/uploads\/2025\/07\/Carte-Lots-Mont-Tremblant-La-Grande-Foret-Reserve-1905px-X-773px.webp\" class=\"image wp-image-1028  attachment-full size-full\" alt=\"\" style=\"max-width: 100%; height: auto;\" srcset=\"https:\/\/lagrandeforet.ca\/fr\/wp-content\/uploads\/2025\/07\/Carte-Lots-Mont-Tremblant-La-Grande-Foret-Reserve-1905px-X-773px.webp 1905w, https:\/\/lagrandeforet.ca\/fr\/wp-content\/uploads\/2025\/07\/Carte-Lots-Mont-Tremblant-La-Grande-Foret-Reserve-1905px-X-773px-350x142.webp 350w, https:\/\/lagrandeforet.ca\/fr\/wp-content\/uploads\/2025\/07\/Carte-Lots-Mont-Tremblant-La-Grande-Foret-Reserve-1905px-X-773px-1024x416.webp 1024w, https:\/\/lagrandeforet.ca\/fr\/wp-content\/uploads\/2025\/07\/Carte-Lots-Mont-Tremblant-La-Grande-Foret-Reserve-1905px-X-773px-768x312.webp 768w, https:\/\/lagrandeforet.ca\/fr\/wp-content\/uploads\/2025\/07\/Carte-Lots-Mont-Tremblant-La-Grande-Foret-Reserve-1905px-X-773px-1536x623.webp 1536w\" sizes=\"auto, (max-width: 1905px) 100vw, 1905px\" \/><\/a><\/div><\/div><\/div><\/div><\/div><div id=\"pg-156-2\"  class=\"panel-grid panel-has-style\" ><div class=\"panel-row-style panel-row-style-for-156-2\" ><div id=\"pgc-156-2-0\"  class=\"panel-grid-cell\" ><div id=\"panel-156-2-0-0\" class=\"so-panel widget widget_sow-editor panel-first-child\" data-index=\"3\" ><div class=\"panel-widget-style panel-widget-style-for-156-2-0-0\" ><div\n\t\t\t\n\t\t\tclass=\"so-widget-sow-editor so-widget-sow-editor-base\"\n\t\t\t\n\t\t>\n<div class=\"siteorigin-widget-tinymce textwidget\">\n\t<h2 style=\"text-align: center;\"><a title=\"La Grande For\u00eat Natur\" href=\"\/fr\/nouvelle-phase-natur\/\" target=\"_blank\" rel=\"noopener\"><strong>La Grande For\u00eat Natur<\/strong><\/a><\/h2>\n<p style=\"text-align: center;\">La Grande For\u00eat est heureuse d\u2019introduire la nouvelle phase <a href=\"\/fr\/nouvelle-phase-natur\/\"><strong>Natur<\/strong><\/a>, un d\u00e9veloppement luxueux de 13 maisons uniques. Contactez-nous pour obtenir davantage d\u2019informations concernant la vente de ces maisons.<\/p>\n<\/div>\n<\/div><\/div><\/div><div id=\"panel-156-2-0-1\" class=\"so-panel widget widget_media_image panel-last-child\" data-index=\"4\" ><div class=\"fullimg panel-widget-style panel-widget-style-for-156-2-0-1\" ><a href=\"\/fr\/nouvelle-phase-natur\/\"><img loading=\"lazy\" decoding=\"async\" width=\"1000\" height=\"663\" src=\"https:\/\/lagrandeforet.ca\/fr\/wp-content\/uploads\/2025\/07\/LGFnatur-3.jpg\" class=\"image wp-image-1030  attachment-full size-full\" alt=\"\" style=\"max-width: 100%; height: auto;\" srcset=\"https:\/\/lagrandeforet.ca\/fr\/wp-content\/uploads\/2025\/07\/LGFnatur-3.jpg 1000w, https:\/\/lagrandeforet.ca\/fr\/wp-content\/uploads\/2025\/07\/LGFnatur-3-350x232.jpg 350w, https:\/\/lagrandeforet.ca\/fr\/wp-content\/uploads\/2025\/07\/LGFnatur-3-768x509.jpg 768w\" sizes=\"auto, (max-width: 1000px) 100vw, 1000px\" \/><\/a><\/div><\/div><\/div><\/div><\/div><div id=\"pg-156-3\"  class=\"panel-grid panel-no-style\" ><div id=\"pgc-156-3-0\"  class=\"panel-grid-cell\" ><div id=\"panel-156-3-0-0\" class=\"so-panel widget widget_sow-editor panel-first-child panel-last-child\" data-index=\"5\" ><div class=\"panel-widget-style panel-widget-style-for-156-3-0-0\" ><div\n\t\t\t\n\t\t\tclass=\"so-widget-sow-editor so-widget-sow-editor-base\"\n\t\t\t\n\t\t>\n<div class=\"siteorigin-widget-tinymce textwidget\">\n\t<h2 style=\"text-align: center;\">La Grande For\u00eat est une communaut\u00e9 r\u00e9sidentielle priv\u00e9e situ\u00e9 \u00e0 quelques minutes de la station de ski de Tremblant<\/h2>\n<p style=\"text-align: center;\">La Grande For\u00eat est situ\u00e9e dans le secteur Mont-Tremblant et se trouve \u00e0 moins de 7 minutes de route des principaux sites touristiques de la r\u00e9gion. Chaque site r\u00e9sidentiel occupe en moyenne plus de trois acres et pr\u00e9sente un panorama spectaculaire des montagnes, des sources et des ruisseaux, selon des \u00e9l\u00e9vations vari\u00e9es. Tout le secteur r\u00e9sidentiel est nich\u00e9 au c\u0153ur d\u2019une zone foresti\u00e8re prot\u00e9g\u00e9e et compos\u00e9e d\u2019\u00e9rables, de cerisiers et de pins.<\/p>\n<p style=\"text-align: center;\">La Grande For\u00eat est parmi les quelques secteurs r\u00e9sidentiels \u00e0 l\u2019ext\u00e9rieur de la Station Mont-Tremblant qui dispose d\u2019une autorisation de location \u00e0 court terme. Cette zone unique et privil\u00e9gi\u00e9e permet de louer votre r\u00e9sidence de La Grande For\u00eat par l\u2019interm\u00e9diaire des services populaires tels que Airbnb et VRBO.<\/p>\n<\/div>\n<\/div><\/div><\/div><\/div><\/div><div id=\"pg-156-4\"  class=\"panel-grid panel-no-style\" ><div id=\"pgc-156-4-0\"  class=\"panel-grid-cell\" ><div id=\"panel-156-4-0-0\" class=\"so-panel widget widget_media_image panel-first-child\" data-index=\"6\" ><div class=\"panel-widget-style panel-widget-style-for-156-4-0-0\" ><a href=\"\/fr\/la-communaute\/\"><img loading=\"lazy\" decoding=\"async\" width=\"420\" height=\"420\" src=\"https:\/\/lagrandeforet.ca\/fr\/wp-content\/uploads\/2025\/07\/Image-COMMUNITY.webp\" class=\"image wp-image-1019  attachment-full size-full\" alt=\"\" style=\"max-width: 100%; height: auto;\" srcset=\"https:\/\/lagrandeforet.ca\/fr\/wp-content\/uploads\/2025\/07\/Image-COMMUNITY.webp 420w, https:\/\/lagrandeforet.ca\/fr\/wp-content\/uploads\/2025\/07\/Image-COMMUNITY-350x350.webp 350w, https:\/\/lagrandeforet.ca\/fr\/wp-content\/uploads\/2025\/07\/Image-COMMUNITY-250x250.webp 250w\" sizes=\"auto, (max-width: 420px) 100vw, 420px\" \/><\/a><\/div><\/div><div id=\"panel-156-4-0-1\" class=\"so-panel widget widget_sow-editor panel-last-child\" data-index=\"7\" ><div\n\t\t\t\n\t\t\tclass=\"so-widget-sow-editor so-widget-sow-editor-base\"\n\t\t\t\n\t\t>\n<div class=\"siteorigin-widget-tinymce textwidget\">\n\t<h3 style=\"text-align: center;\"><a href=\"\/fr\/la-communaute\/\">LA COMMUNAUT\u00c9<\/a><\/h3>\n<\/div>\n<\/div><\/div><\/div><div id=\"pgc-156-4-1\"  class=\"panel-grid-cell\" ><div id=\"panel-156-4-1-0\" class=\"so-panel widget widget_media_image panel-first-child\" data-index=\"8\" ><div class=\"panel-widget-style panel-widget-style-for-156-4-1-0\" ><a href=\"\/fr\/location\/\"><img loading=\"lazy\" decoding=\"async\" width=\"420\" height=\"420\" src=\"https:\/\/lagrandeforet.ca\/fr\/wp-content\/uploads\/2019\/07\/Layer-16-2.jpg\" class=\"image wp-image-463  attachment-full size-full\" alt=\"The Location - La Grande Foret, Mont Tremblant\" style=\"max-width: 100%; height: auto;\" srcset=\"https:\/\/lagrandeforet.ca\/fr\/wp-content\/uploads\/2019\/07\/Layer-16-2.jpg 420w, https:\/\/lagrandeforet.ca\/fr\/wp-content\/uploads\/2019\/07\/Layer-16-2-250x250.jpg 250w, https:\/\/lagrandeforet.ca\/fr\/wp-content\/uploads\/2019\/07\/Layer-16-2-350x350.jpg 350w\" sizes=\"auto, (max-width: 420px) 100vw, 420px\" \/><\/a><\/div><\/div><div id=\"panel-156-4-1-1\" class=\"so-panel widget widget_sow-editor panel-last-child\" data-index=\"9\" ><div\n\t\t\t\n\t\t\tclass=\"so-widget-sow-editor so-widget-sow-editor-base\"\n\t\t\t\n\t\t>\n<div class=\"siteorigin-widget-tinymce textwidget\">\n\t<h3 style=\"text-align: center;\"><a href=\"\/fr\/location\/\">L\u2019EMPLACEMENT<\/a><\/h3>\n<\/div>\n<\/div><\/div><\/div><div id=\"pgc-156-4-2\"  class=\"panel-grid-cell\" ><div id=\"panel-156-4-2-0\" class=\"so-panel widget widget_media_image panel-first-child\" data-index=\"10\" ><div class=\"panel-widget-style panel-widget-style-for-156-4-2-0\" ><a href=\"\/fr\/le-quartier\/\"><img loading=\"lazy\" decoding=\"async\" width=\"420\" height=\"420\" src=\"https:\/\/lagrandeforet.ca\/fr\/wp-content\/uploads\/2025\/07\/Image-NEIGHBOURHOOD.webp\" class=\"image wp-image-1020  attachment-full size-full\" alt=\"\" style=\"max-width: 100%; height: auto;\" srcset=\"https:\/\/lagrandeforet.ca\/fr\/wp-content\/uploads\/2025\/07\/Image-NEIGHBOURHOOD.webp 420w, https:\/\/lagrandeforet.ca\/fr\/wp-content\/uploads\/2025\/07\/Image-NEIGHBOURHOOD-350x350.webp 350w, https:\/\/lagrandeforet.ca\/fr\/wp-content\/uploads\/2025\/07\/Image-NEIGHBOURHOOD-250x250.webp 250w\" sizes=\"auto, (max-width: 420px) 100vw, 420px\" \/><\/a><\/div><\/div><div id=\"panel-156-4-2-1\" class=\"so-panel widget widget_sow-editor panel-last-child\" data-index=\"11\" ><div\n\t\t\t\n\t\t\tclass=\"so-widget-sow-editor so-widget-sow-editor-base\"\n\t\t\t\n\t\t>\n<div class=\"siteorigin-widget-tinymce textwidget\">\n\t<h3 style=\"text-align: center;\"><a href=\"\/fr\/le-quartier\/\">LE VOISINAGE<\/a><\/h3>\n<\/div>\n<\/div><\/div><\/div><\/div><\/div>","protected":false},"excerpt":{"rendered":"<p>La Grande For\u00eat R\u00e9serve La communaut\u00e9 de La Grande For\u00eat est ravie d&#8217;inaugurer sa nouvelle phase, La Grande For\u00eat R\u00e9serve, avec 17 magnifiques terrains de plus de 2,5 acres pr\u00eats \u00e0 construire. Ces terrains sont situ\u00e9s dans les hauteurs de La Grande For\u00eat, au c\u0153ur d&#8217;une for\u00eat de feuillus spectaculaire offrant une vue imprenable sur [&hellip;]<\/p>\n","protected":false},"author":2,"featured_media":0,"parent":0,"menu_order":0,"comment_status":"closed","ping_status":"closed","template":"page-templates\/front-page.php","meta":{"footnotes":""},"class_list":["post-156","page","type-page","status-publish","hentry"],"yoast_head":"<!-- This site is optimized with the Yoast SEO plugin v25.6 - https:\/\/yoast.com\/wordpress\/plugins\/seo\/ -->\n<title>Accueil - La Grande Foret - Mont-Tremblant, Canada.<\/title>\n<meta name=\"robots\" content=\"noindex, follow, max-snippet:-1, max-image-preview:large, max-video-preview:-1\" \/>\n<meta property=\"og:locale\" content=\"en_US\" \/>\n<meta property=\"og:type\" content=\"article\" \/>\n<meta property=\"og:title\" content=\"Accueil - La Grande Foret - Mont-Tremblant, Canada.\" \/>\n<meta property=\"og:description\" content=\"La Grande For\u00eat R\u00e9serve La communaut\u00e9 de La Grande For\u00eat est ravie d&#039;inaugurer sa nouvelle phase, La Grande For\u00eat R\u00e9serve, avec 17 magnifiques terrains de plus de 2,5 acres pr\u00eats \u00e0 construire. Ces terrains sont situ\u00e9s dans les hauteurs de La Grande For\u00eat, au c\u0153ur d&#039;une for\u00eat de feuillus spectaculaire offrant une vue imprenable sur [&hellip;]\" \/>\n<meta property=\"og:url\" content=\"https:\/\/lagrandeforet.ca\/fr\/\" \/>\n<meta property=\"og:site_name\" content=\"La Grande Foret - Mont-Tremblant, Canada.\" \/>\n<meta property=\"article:publisher\" content=\"https:\/\/www.facebook.com\/La-Grande-Foret-1327298187410681\/\" \/>\n<meta property=\"article:modified_time\" content=\"2025-07-29T16:36:58+00:00\" \/>\n<meta name=\"twitter:card\" content=\"summary_large_image\" \/>\n<meta name=\"twitter:site\" content=\"@LaGrandeForet\" \/>\n<meta name=\"twitter:label1\" content=\"Est. reading time\" \/>\n\t<meta name=\"twitter:data1\" content=\"3 minutes\" \/>\n<script type=\"application\/ld+json\" class=\"yoast-schema-graph\">{\"@context\":\"https:\/\/schema.org\",\"@graph\":[{\"@type\":\"WebPage\",\"@id\":\"https:\/\/lagrandeforet.ca\/fr\/\",\"url\":\"https:\/\/lagrandeforet.ca\/fr\/\",\"name\":\"Accueil - La Grande Foret - Mont-Tremblant, Canada.\",\"isPartOf\":{\"@id\":\"https:\/\/lagrandeforet.ca\/fr\/#website\"},\"datePublished\":\"2018-12-18T02:29:16+00:00\",\"dateModified\":\"2025-07-29T16:36:58+00:00\",\"breadcrumb\":{\"@id\":\"https:\/\/lagrandeforet.ca\/fr\/#breadcrumb\"},\"inLanguage\":\"en-US\",\"potentialAction\":[{\"@type\":\"ReadAction\",\"target\":[\"https:\/\/lagrandeforet.ca\/fr\/\"]}]},{\"@type\":\"BreadcrumbList\",\"@id\":\"https:\/\/lagrandeforet.ca\/fr\/#breadcrumb\",\"itemListElement\":[{\"@type\":\"ListItem\",\"position\":1,\"name\":\"Home\",\"item\":\"https:\/\/lagrandeforet.ca\/fr\/\"},{\"@type\":\"ListItem\",\"position\":2,\"name\":\"Accueil\"}]},{\"@type\":\"WebSite\",\"@id\":\"https:\/\/lagrandeforet.ca\/fr\/#website\",\"url\":\"https:\/\/lagrandeforet.ca\/fr\/\",\"name\":\"La Grande Foret - Mont-Tremblant, Canada.\",\"description\":\"La Grande For\u00eat is a private gated residential community and a luxury vacation rentals with world-class service\",\"publisher\":{\"@id\":\"https:\/\/lagrandeforet.ca\/fr\/#organization\"},\"potentialAction\":[{\"@type\":\"SearchAction\",\"target\":{\"@type\":\"EntryPoint\",\"urlTemplate\":\"https:\/\/lagrandeforet.ca\/fr\/?s={search_term_string}\"},\"query-input\":{\"@type\":\"PropertyValueSpecification\",\"valueRequired\":true,\"valueName\":\"search_term_string\"}}],\"inLanguage\":\"en-US\"},{\"@type\":\"Organization\",\"@id\":\"https:\/\/lagrandeforet.ca\/fr\/#organization\",\"name\":\"La Grande For\u00eat\",\"url\":\"https:\/\/lagrandeforet.ca\/fr\/\",\"logo\":{\"@type\":\"ImageObject\",\"inLanguage\":\"en-US\",\"@id\":\"https:\/\/lagrandeforet.ca\/fr\/#\/schema\/logo\/image\/\",\"url\":\"https:\/\/lagrandeforet.ca\/fr\/wp-content\/uploads\/2018\/12\/La-Grande-Foret.png\",\"contentUrl\":\"https:\/\/lagrandeforet.ca\/fr\/wp-content\/uploads\/2018\/12\/La-Grande-Foret.png\",\"width\":600,\"height\":600,\"caption\":\"La Grande For\u00eat\"},\"image\":{\"@id\":\"https:\/\/lagrandeforet.ca\/fr\/#\/schema\/logo\/image\/\"},\"sameAs\":[\"https:\/\/www.facebook.com\/La-Grande-Foret-1327298187410681\/\",\"https:\/\/x.com\/LaGrandeForet\",\"https:\/\/www.instagram.com\/lagrandeforet\/\"]}]}<\/script>\n<!-- \/ Yoast SEO plugin. -->","yoast_head_json":{"title":"Accueil - La Grande Foret - Mont-Tremblant, Canada.","robots":{"index":"noindex","follow":"follow","max-snippet":"max-snippet:-1","max-image-preview":"max-image-preview:large","max-video-preview":"max-video-preview:-1"},"og_locale":"en_US","og_type":"article","og_title":"Accueil - La Grande Foret - Mont-Tremblant, Canada.","og_description":"La Grande For\u00eat R\u00e9serve La communaut\u00e9 de La Grande For\u00eat est ravie d'inaugurer sa nouvelle phase, La Grande For\u00eat R\u00e9serve, avec 17 magnifiques terrains de plus de 2,5 acres pr\u00eats \u00e0 construire. Ces terrains sont situ\u00e9s dans les hauteurs de La Grande For\u00eat, au c\u0153ur d'une for\u00eat de feuillus spectaculaire offrant une vue imprenable sur [&hellip;]","og_url":"https:\/\/lagrandeforet.ca\/fr\/","og_site_name":"La Grande Foret - Mont-Tremblant, Canada.","article_publisher":"https:\/\/www.facebook.com\/La-Grande-Foret-1327298187410681\/","article_modified_time":"2025-07-29T16:36:58+00:00","twitter_card":"summary_large_image","twitter_site":"@LaGrandeForet","twitter_misc":{"Est. reading time":"3 minutes"},"schema":{"@context":"https:\/\/schema.org","@graph":[{"@type":"WebPage","@id":"https:\/\/lagrandeforet.ca\/fr\/","url":"https:\/\/lagrandeforet.ca\/fr\/","name":"Accueil - La Grande Foret - Mont-Tremblant, Canada.","isPartOf":{"@id":"https:\/\/lagrandeforet.ca\/fr\/#website"},"datePublished":"2018-12-18T02:29:16+00:00","dateModified":"2025-07-29T16:36:58+00:00","breadcrumb":{"@id":"https:\/\/lagrandeforet.ca\/fr\/#breadcrumb"},"inLanguage":"en-US","potentialAction":[{"@type":"ReadAction","target":["https:\/\/lagrandeforet.ca\/fr\/"]}]},{"@type":"BreadcrumbList","@id":"https:\/\/lagrandeforet.ca\/fr\/#breadcrumb","itemListElement":[{"@type":"ListItem","position":1,"name":"Home","item":"https:\/\/lagrandeforet.ca\/fr\/"},{"@type":"ListItem","position":2,"name":"Accueil"}]},{"@type":"WebSite","@id":"https:\/\/lagrandeforet.ca\/fr\/#website","url":"https:\/\/lagrandeforet.ca\/fr\/","name":"La Grande Foret - Mont-Tremblant, Canada.","description":"La Grande For\u00eat is a private gated residential community and a luxury vacation rentals with world-class service","publisher":{"@id":"https:\/\/lagrandeforet.ca\/fr\/#organization"},"potentialAction":[{"@type":"SearchAction","target":{"@type":"EntryPoint","urlTemplate":"https:\/\/lagrandeforet.ca\/fr\/?s={search_term_string}"},"query-input":{"@type":"PropertyValueSpecification","valueRequired":true,"valueName":"search_term_string"}}],"inLanguage":"en-US"},{"@type":"Organization","@id":"https:\/\/lagrandeforet.ca\/fr\/#organization","name":"La Grande For\u00eat","url":"https:\/\/lagrandeforet.ca\/fr\/","logo":{"@type":"ImageObject","inLanguage":"en-US","@id":"https:\/\/lagrandeforet.ca\/fr\/#\/schema\/logo\/image\/","url":"https:\/\/lagrandeforet.ca\/fr\/wp-content\/uploads\/2018\/12\/La-Grande-Foret.png","contentUrl":"https:\/\/lagrandeforet.ca\/fr\/wp-content\/uploads\/2018\/12\/La-Grande-Foret.png","width":600,"height":600,"caption":"La Grande For\u00eat"},"image":{"@id":"https:\/\/lagrandeforet.ca\/fr\/#\/schema\/logo\/image\/"},"sameAs":["https:\/\/www.facebook.com\/La-Grande-Foret-1327298187410681\/","https:\/\/x.com\/LaGrandeForet","https:\/\/www.instagram.com\/lagrandeforet\/"]}]}},"post_mailing_queue_ids":[],"_links":{"self":[{"href":"https:\/\/lagrandeforet.ca\/fr\/wp-json\/wp\/v2\/pages\/156","targetHints":{"allow":["GET"]}}],"collection":[{"href":"https:\/\/lagrandeforet.ca\/fr\/wp-json\/wp\/v2\/pages"}],"about":[{"href":"https:\/\/lagrandeforet.ca\/fr\/wp-json\/wp\/v2\/types\/page"}],"author":[{"embeddable":true,"href":"https:\/\/lagrandeforet.ca\/fr\/wp-json\/wp\/v2\/users\/2"}],"replies":[{"embeddable":true,"href":"https:\/\/lagrandeforet.ca\/fr\/wp-json\/wp\/v2\/comments?post=156"}],"version-history":[{"count":121,"href":"https:\/\/lagrandeforet.ca\/fr\/wp-json\/wp\/v2\/pages\/156\/revisions"}],"predecessor-version":[{"id":1034,"href":"https:\/\/lagrandeforet.ca\/fr\/wp-json\/wp\/v2\/pages\/156\/revisions\/1034"}],"wp:attachment":[{"href":"https:\/\/lagrandeforet.ca\/fr\/wp-json\/wp\/v2\/media?parent=156"}],"curies":[{"name":"wp","href":"https:\/\/api.w.org\/{rel}","templated":true}]}}