{"id":317,"date":"2018-12-17T21:37:36","date_gmt":"2018-12-17T21:37:36","guid":{"rendered":"http:\/\/lagrandeforet.ca\/?page_id=317"},"modified":"2025-07-28T18:11:32","modified_gmt":"2025-07-28T22:11:32","slug":"la-communaute","status":"publish","type":"page","link":"https:\/\/lagrandeforet.ca\/fr\/la-communaute\/","title":{"rendered":"La Communaut\u00e9"},"content":{"rendered":"<div id=\"pl-317\"  class=\"panel-layout\" ><div id=\"pg-317-0\"  class=\"panel-grid panel-no-style\" ><div id=\"pgc-317-0-0\"  class=\"panel-grid-cell\" ><div id=\"panel-317-0-0-0\" class=\"so-panel widget widget_sow-editor panel-first-child panel-last-child\" data-index=\"0\" ><div\n\t\t\t\n\t\t\tclass=\"so-widget-sow-editor so-widget-sow-editor-base\"\n\t\t\t\n\t\t>\n<div class=\"siteorigin-widget-tinymce textwidget\">\n\t<p>&nbsp;<\/p>\n<h2 style=\"text-align: center;\">La Grande For\u00eat est situ\u00e9e dans le secteur Mont Tremblant et se trouve \u00e0 moins de 7 minutes de route des principaux sites touristiques de la r\u00e9gion.<\/h2>\n<p>La Grande For\u00eat est situ\u00e9e dans le secteur Mont-Tremblant et se trouve \u00e0 moins de 7 minutes de route des principaux sites touristiques de la r\u00e9gion. Chaque site r\u00e9sidentiel occupe en moyenne plus de trois acres et pr\u00e9sente un panorama spectaculaire des montagnes, des sources et des ruisseaux, selon des \u00e9l\u00e9vations vari\u00e9es. Tout le secteur r\u00e9sidentiel est nich\u00e9 au c\u0153ur d\u2019une zone foresti\u00e8re prot\u00e9g\u00e9e et compos\u00e9e d\u2019\u00e9rables, de cerisiers et de pins. <\/p>\n<p><strong>La Grande For\u00eat <\/strong>est parmi les quelques secteurs r\u00e9sidentiels \u00e0 l\u2019ext\u00e9rieur de la Station Mont-Tremblant qui dispose d\u2019<strong>une autorisation de location \u00e0 court terme<\/strong>. Cette zone unique et privil\u00e9gi\u00e9e permet de louer votre r\u00e9sidence de La Grande For\u00eat par l\u2019interm\u00e9diaire des services populaires tels que Airbnb et VRBO.<\/p>\n<p>Les routes, les services publics, et d\u2019autres infrastructures sont achev\u00e9s et ont \u00e9t\u00e9 con\u00e7us pour avoir le moins d\u2019impact sur l\u2019environnement naturel de <strong>La Grande For\u00eat<\/strong>. Une zone tampon (zone de pr\u00e9servation du cerf de Virginie) englobe toute la partie nord du secteur immobilier et chaque lot domiciliaire poss\u00e8de des zones de construction soigneusement contr\u00f4l\u00e9es afin d\u2019assurer que la for\u00eat reste saine et \u00e0 son \u00e9tat naturel.<\/p>\n<\/div>\n<\/div><\/div><\/div><\/div><div id=\"pg-317-1\"  class=\"panel-grid panel-no-style\" ><div id=\"pgc-317-1-0\"  class=\"panel-grid-cell\" ><div id=\"panel-317-1-0-0\" class=\"so-panel widget widget_media_image panel-first-child panel-last-child\" data-index=\"1\" ><img loading=\"lazy\" decoding=\"async\" width=\"1500\" height=\"1875\" src=\"https:\/\/lagrandeforet.ca\/fr\/wp-content\/uploads\/2018\/12\/Mountain-Snow-re810v.jpg\" class=\"image wp-image-338  attachment-full size-full\" alt=\"Mont Tremblant Ski Resort\" style=\"max-width: 100%; height: auto;\" srcset=\"https:\/\/lagrandeforet.ca\/fr\/wp-content\/uploads\/2018\/12\/Mountain-Snow-re810v.jpg 1500w, https:\/\/lagrandeforet.ca\/fr\/wp-content\/uploads\/2018\/12\/Mountain-Snow-re810v-240x300.jpg 240w, https:\/\/lagrandeforet.ca\/fr\/wp-content\/uploads\/2018\/12\/Mountain-Snow-re810v-768x960.jpg 768w, https:\/\/lagrandeforet.ca\/fr\/wp-content\/uploads\/2018\/12\/Mountain-Snow-re810v-819x1024.jpg 819w\" sizes=\"auto, (max-width: 1500px) 100vw, 1500px\" \/><\/div><\/div><div id=\"pgc-317-1-1\"  class=\"panel-grid-cell\" ><div id=\"panel-317-1-1-0\" class=\"so-panel widget widget_sow-editor panel-first-child panel-last-child\" data-index=\"2\" ><div\n\t\t\t\n\t\t\tclass=\"so-widget-sow-editor so-widget-sow-editor-base\"\n\t\t\t\n\t\t>\n<div class=\"siteorigin-widget-tinymce textwidget\">\n\t<h2>Notre vision<\/h2>\n<p>Notre vision \u00e9tait de cr\u00e9er une communaut\u00e9 qui respecte la vie \u00e0 la montagne. La Grande For\u00eat repr\u00e9sente un sanctuaire pour que ses r\u00e9sidents puissent s\u2019\u00e9vader des pressions de la vie quotidienne et profiter de tout ce que vivre \u00e0 la montagne peut offrir au centre de vill\u00e9giature de Mont-Tremblant.<\/p>\n<p>Notre vision \u00e9tait de cr\u00e9er une communaut\u00e9 qui respecte la vie \u00e0 la montagne. <strong>La\u00a0Grande For\u00eat <\/strong>repr\u00e9sente un sanctuaire pour que ses r\u00e9sidents puissent s\u2019\u00e9vader des pressions de la vie quotidienne et profiter de tout ce que vivre \u00e0 la montagne peut offrir au centre de vill\u00e9giature de Mont-Tremblant.\u00a0 Que ce soit de profiter de la station de ski la plus populaire \u00e0 l\u2019est de l\u2019Am\u00e9rique du Nord, des activit\u00e9s de plein air telles que le golf, l\u2019\u00e9quitation, le rafting et le tennis, ou tout simplement de se d\u00e9tendre dans le cadre majestueux des Laurentides, <strong>La Grande For\u00eat<\/strong> permettra de transmettre des souvenirs inoubliables d\u2019une g\u00e9n\u00e9ration \u00e0 l\u2019autre.<\/p>\n<p>Nous nous sommes engag\u00e9s \u00e0 assurer le plus haut niveau de responsabilit\u00e9 environnementale \u00e0 <strong>La Grande For\u00eat<\/strong>. Cet engagement est d\u00e9taill\u00e9 dans notre plan directeur pour cette communaut\u00e9. Nous avons con\u00e7u <strong>La Grande For\u00eat<\/strong> de fa\u00e7on \u00e0 causer le moins d\u2019impact sur son environnement. Une zone tampon (zone de pr\u00e9servation du cerf de Virginie) englobe toute la partie nord du domaine afin d\u2019assurer que le projet de d\u00e9veloppement n\u2019empi\u00e8te pas sur l\u2019habitat naturel. Nous avons con\u00e7u nos routes avec l\u2019aide d\u2019un biologiste pour r\u00e9duire au minimum l\u2019abattement des arbres et respecter l\u2019environnement.<\/p>\n<\/div>\n<\/div><\/div><\/div><\/div><\/div>","protected":false},"excerpt":{"rendered":"<p>&nbsp; La Grande For\u00eat est situ\u00e9e dans le secteur Mont Tremblant et se trouve \u00e0 moins de 7 minutes de route des principaux sites touristiques de la r\u00e9gion. La Grande For\u00eat est situ\u00e9e dans le secteur Mont-Tremblant et se trouve \u00e0 moins de 7 minutes de route des principaux sites touristiques de la r\u00e9gion. Chaque [&hellip;]<\/p>\n","protected":false},"author":2,"featured_media":1015,"parent":0,"menu_order":0,"comment_status":"closed","ping_status":"closed","template":"","meta":{"footnotes":""},"class_list":["post-317","page","type-page","status-publish","has-post-thumbnail","hentry"],"yoast_head":"<!-- This site is optimized with the Yoast SEO plugin v25.6 - https:\/\/yoast.com\/wordpress\/plugins\/seo\/ -->\n<title>La Communaut\u00e9 - La Grande Foret - Mont-Tremblant, Canada.<\/title>\n<meta name=\"robots\" content=\"noindex, follow, max-snippet:-1, max-image-preview:large, max-video-preview:-1\" \/>\n<meta property=\"og:locale\" content=\"en_US\" \/>\n<meta property=\"og:type\" content=\"article\" \/>\n<meta property=\"og:title\" content=\"La Communaut\u00e9 - La Grande Foret - Mont-Tremblant, Canada.\" \/>\n<meta property=\"og:description\" content=\"&nbsp; La Grande For\u00eat est situ\u00e9e dans le secteur Mont Tremblant et se trouve \u00e0 moins de 7 minutes de route des principaux sites touristiques de la r\u00e9gion. La Grande For\u00eat est situ\u00e9e dans le secteur Mont-Tremblant et se trouve \u00e0 moins de 7 minutes de route des principaux sites touristiques de la r\u00e9gion. Chaque [&hellip;]\" \/>\n<meta property=\"og:url\" content=\"https:\/\/lagrandeforet.ca\/fr\/la-communaute\/\" \/>\n<meta property=\"og:site_name\" content=\"La Grande Foret - Mont-Tremblant, Canada.\" \/>\n<meta property=\"article:publisher\" content=\"https:\/\/www.facebook.com\/La-Grande-Foret-1327298187410681\/\" \/>\n<meta property=\"article:modified_time\" content=\"2025-07-28T22:11:32+00:00\" \/>\n<meta property=\"og:image\" content=\"https:\/\/lagrandeforet.ca\/fr\/wp-content\/uploads\/2025\/07\/The-Community.webp\" \/>\n\t<meta property=\"og:image:width\" content=\"1905\" \/>\n\t<meta property=\"og:image:height\" content=\"1114\" \/>\n\t<meta property=\"og:image:type\" content=\"image\/webp\" \/>\n<meta name=\"twitter:card\" content=\"summary_large_image\" \/>\n<meta name=\"twitter:site\" content=\"@LaGrandeForet\" \/>\n<meta name=\"twitter:label1\" content=\"Est. reading time\" \/>\n\t<meta name=\"twitter:data1\" content=\"3 minutes\" \/>\n<script type=\"application\/ld+json\" class=\"yoast-schema-graph\">{\"@context\":\"https:\/\/schema.org\",\"@graph\":[{\"@type\":\"WebPage\",\"@id\":\"https:\/\/lagrandeforet.ca\/fr\/la-communaute\/\",\"url\":\"https:\/\/lagrandeforet.ca\/fr\/la-communaute\/\",\"name\":\"La Communaut\u00e9 - La Grande Foret - Mont-Tremblant, Canada.\",\"isPartOf\":{\"@id\":\"https:\/\/lagrandeforet.ca\/fr\/#website\"},\"primaryImageOfPage\":{\"@id\":\"https:\/\/lagrandeforet.ca\/fr\/la-communaute\/#primaryimage\"},\"image\":{\"@id\":\"https:\/\/lagrandeforet.ca\/fr\/la-communaute\/#primaryimage\"},\"thumbnailUrl\":\"https:\/\/lagrandeforet.ca\/fr\/wp-content\/uploads\/2025\/07\/The-Community.webp\",\"datePublished\":\"2018-12-17T21:37:36+00:00\",\"dateModified\":\"2025-07-28T22:11:32+00:00\",\"breadcrumb\":{\"@id\":\"https:\/\/lagrandeforet.ca\/fr\/la-communaute\/#breadcrumb\"},\"inLanguage\":\"en-US\",\"potentialAction\":[{\"@type\":\"ReadAction\",\"target\":[\"https:\/\/lagrandeforet.ca\/fr\/la-communaute\/\"]}]},{\"@type\":\"ImageObject\",\"inLanguage\":\"en-US\",\"@id\":\"https:\/\/lagrandeforet.ca\/fr\/la-communaute\/#primaryimage\",\"url\":\"https:\/\/lagrandeforet.ca\/fr\/wp-content\/uploads\/2025\/07\/The-Community.webp\",\"contentUrl\":\"https:\/\/lagrandeforet.ca\/fr\/wp-content\/uploads\/2025\/07\/The-Community.webp\",\"width\":1905,\"height\":1114},{\"@type\":\"BreadcrumbList\",\"@id\":\"https:\/\/lagrandeforet.ca\/fr\/la-communaute\/#breadcrumb\",\"itemListElement\":[{\"@type\":\"ListItem\",\"position\":1,\"name\":\"Home\",\"item\":\"https:\/\/lagrandeforet.ca\/fr\/\"},{\"@type\":\"ListItem\",\"position\":2,\"name\":\"La Communaut\u00e9\"}]},{\"@type\":\"WebSite\",\"@id\":\"https:\/\/lagrandeforet.ca\/fr\/#website\",\"url\":\"https:\/\/lagrandeforet.ca\/fr\/\",\"name\":\"La Grande Foret - Mont-Tremblant, Canada.\",\"description\":\"La Grande For\u00eat is a private gated residential community and a luxury vacation rentals with world-class service\",\"publisher\":{\"@id\":\"https:\/\/lagrandeforet.ca\/fr\/#organization\"},\"potentialAction\":[{\"@type\":\"SearchAction\",\"target\":{\"@type\":\"EntryPoint\",\"urlTemplate\":\"https:\/\/lagrandeforet.ca\/fr\/?s={search_term_string}\"},\"query-input\":{\"@type\":\"PropertyValueSpecification\",\"valueRequired\":true,\"valueName\":\"search_term_string\"}}],\"inLanguage\":\"en-US\"},{\"@type\":\"Organization\",\"@id\":\"https:\/\/lagrandeforet.ca\/fr\/#organization\",\"name\":\"La Grande For\u00eat\",\"url\":\"https:\/\/lagrandeforet.ca\/fr\/\",\"logo\":{\"@type\":\"ImageObject\",\"inLanguage\":\"en-US\",\"@id\":\"https:\/\/lagrandeforet.ca\/fr\/#\/schema\/logo\/image\/\",\"url\":\"https:\/\/lagrandeforet.ca\/fr\/wp-content\/uploads\/2018\/12\/La-Grande-Foret.png\",\"contentUrl\":\"https:\/\/lagrandeforet.ca\/fr\/wp-content\/uploads\/2018\/12\/La-Grande-Foret.png\",\"width\":600,\"height\":600,\"caption\":\"La Grande For\u00eat\"},\"image\":{\"@id\":\"https:\/\/lagrandeforet.ca\/fr\/#\/schema\/logo\/image\/\"},\"sameAs\":[\"https:\/\/www.facebook.com\/La-Grande-Foret-1327298187410681\/\",\"https:\/\/x.com\/LaGrandeForet\",\"https:\/\/www.instagram.com\/lagrandeforet\/\"]}]}<\/script>\n<!-- \/ Yoast SEO plugin. -->","yoast_head_json":{"title":"La Communaut\u00e9 - La Grande Foret - Mont-Tremblant, Canada.","robots":{"index":"noindex","follow":"follow","max-snippet":"max-snippet:-1","max-image-preview":"max-image-preview:large","max-video-preview":"max-video-preview:-1"},"og_locale":"en_US","og_type":"article","og_title":"La Communaut\u00e9 - La Grande Foret - Mont-Tremblant, Canada.","og_description":"&nbsp; La Grande For\u00eat est situ\u00e9e dans le secteur Mont Tremblant et se trouve \u00e0 moins de 7 minutes de route des principaux sites touristiques de la r\u00e9gion. La Grande For\u00eat est situ\u00e9e dans le secteur Mont-Tremblant et se trouve \u00e0 moins de 7 minutes de route des principaux sites touristiques de la r\u00e9gion. Chaque [&hellip;]","og_url":"https:\/\/lagrandeforet.ca\/fr\/la-communaute\/","og_site_name":"La Grande Foret - Mont-Tremblant, Canada.","article_publisher":"https:\/\/www.facebook.com\/La-Grande-Foret-1327298187410681\/","article_modified_time":"2025-07-28T22:11:32+00:00","og_image":[{"width":1905,"height":1114,"url":"https:\/\/lagrandeforet.ca\/fr\/wp-content\/uploads\/2025\/07\/The-Community.webp","type":"image\/webp"}],"twitter_card":"summary_large_image","twitter_site":"@LaGrandeForet","twitter_misc":{"Est. reading time":"3 minutes"},"schema":{"@context":"https:\/\/schema.org","@graph":[{"@type":"WebPage","@id":"https:\/\/lagrandeforet.ca\/fr\/la-communaute\/","url":"https:\/\/lagrandeforet.ca\/fr\/la-communaute\/","name":"La Communaut\u00e9 - La Grande Foret - Mont-Tremblant, Canada.","isPartOf":{"@id":"https:\/\/lagrandeforet.ca\/fr\/#website"},"primaryImageOfPage":{"@id":"https:\/\/lagrandeforet.ca\/fr\/la-communaute\/#primaryimage"},"image":{"@id":"https:\/\/lagrandeforet.ca\/fr\/la-communaute\/#primaryimage"},"thumbnailUrl":"https:\/\/lagrandeforet.ca\/fr\/wp-content\/uploads\/2025\/07\/The-Community.webp","datePublished":"2018-12-17T21:37:36+00:00","dateModified":"2025-07-28T22:11:32+00:00","breadcrumb":{"@id":"https:\/\/lagrandeforet.ca\/fr\/la-communaute\/#breadcrumb"},"inLanguage":"en-US","potentialAction":[{"@type":"ReadAction","target":["https:\/\/lagrandeforet.ca\/fr\/la-communaute\/"]}]},{"@type":"ImageObject","inLanguage":"en-US","@id":"https:\/\/lagrandeforet.ca\/fr\/la-communaute\/#primaryimage","url":"https:\/\/lagrandeforet.ca\/fr\/wp-content\/uploads\/2025\/07\/The-Community.webp","contentUrl":"https:\/\/lagrandeforet.ca\/fr\/wp-content\/uploads\/2025\/07\/The-Community.webp","width":1905,"height":1114},{"@type":"BreadcrumbList","@id":"https:\/\/lagrandeforet.ca\/fr\/la-communaute\/#breadcrumb","itemListElement":[{"@type":"ListItem","position":1,"name":"Home","item":"https:\/\/lagrandeforet.ca\/fr\/"},{"@type":"ListItem","position":2,"name":"La Communaut\u00e9"}]},{"@type":"WebSite","@id":"https:\/\/lagrandeforet.ca\/fr\/#website","url":"https:\/\/lagrandeforet.ca\/fr\/","name":"La Grande Foret - Mont-Tremblant, Canada.","description":"La Grande For\u00eat is a private gated residential community and a luxury vacation rentals with world-class service","publisher":{"@id":"https:\/\/lagrandeforet.ca\/fr\/#organization"},"potentialAction":[{"@type":"SearchAction","target":{"@type":"EntryPoint","urlTemplate":"https:\/\/lagrandeforet.ca\/fr\/?s={search_term_string}"},"query-input":{"@type":"PropertyValueSpecification","valueRequired":true,"valueName":"search_term_string"}}],"inLanguage":"en-US"},{"@type":"Organization","@id":"https:\/\/lagrandeforet.ca\/fr\/#organization","name":"La Grande For\u00eat","url":"https:\/\/lagrandeforet.ca\/fr\/","logo":{"@type":"ImageObject","inLanguage":"en-US","@id":"https:\/\/lagrandeforet.ca\/fr\/#\/schema\/logo\/image\/","url":"https:\/\/lagrandeforet.ca\/fr\/wp-content\/uploads\/2018\/12\/La-Grande-Foret.png","contentUrl":"https:\/\/lagrandeforet.ca\/fr\/wp-content\/uploads\/2018\/12\/La-Grande-Foret.png","width":600,"height":600,"caption":"La Grande For\u00eat"},"image":{"@id":"https:\/\/lagrandeforet.ca\/fr\/#\/schema\/logo\/image\/"},"sameAs":["https:\/\/www.facebook.com\/La-Grande-Foret-1327298187410681\/","https:\/\/x.com\/LaGrandeForet","https:\/\/www.instagram.com\/lagrandeforet\/"]}]}},"post_mailing_queue_ids":[],"_links":{"self":[{"href":"https:\/\/lagrandeforet.ca\/fr\/wp-json\/wp\/v2\/pages\/317","targetHints":{"allow":["GET"]}}],"collection":[{"href":"https:\/\/lagrandeforet.ca\/fr\/wp-json\/wp\/v2\/pages"}],"about":[{"href":"https:\/\/lagrandeforet.ca\/fr\/wp-json\/wp\/v2\/types\/page"}],"author":[{"embeddable":true,"href":"https:\/\/lagrandeforet.ca\/fr\/wp-json\/wp\/v2\/users\/2"}],"replies":[{"embeddable":true,"href":"https:\/\/lagrandeforet.ca\/fr\/wp-json\/wp\/v2\/comments?post=317"}],"version-history":[{"count":26,"href":"https:\/\/lagrandeforet.ca\/fr\/wp-json\/wp\/v2\/pages\/317\/revisions"}],"predecessor-version":[{"id":1016,"href":"https:\/\/lagrandeforet.ca\/fr\/wp-json\/wp\/v2\/pages\/317\/revisions\/1016"}],"wp:featuredmedia":[{"embeddable":true,"href":"https:\/\/lagrandeforet.ca\/fr\/wp-json\/wp\/v2\/media\/1015"}],"wp:attachment":[{"href":"https:\/\/lagrandeforet.ca\/fr\/wp-json\/wp\/v2\/media?parent=317"}],"curies":[{"name":"wp","href":"https:\/\/api.w.org\/{rel}","templated":true}]}}