{"id":319,"date":"2018-12-17T21:39:14","date_gmt":"2018-12-17T21:39:14","guid":{"rendered":"http:\/\/lagrandeforet.ca\/?page_id=319"},"modified":"2020-05-23T06:39:49","modified_gmt":"2020-05-23T10:39:49","slug":"location","status":"publish","type":"page","link":"https:\/\/lagrandeforet.ca\/fr\/location\/","title":{"rendered":"Emplacement"},"content":{"rendered":"<div id=\"pl-319\"  class=\"panel-layout\" ><div id=\"pg-319-0\"  class=\"panel-grid panel-no-style\" ><div id=\"pgc-319-0-0\"  class=\"panel-grid-cell\" ><div id=\"panel-319-0-0-0\" class=\"so-panel widget widget_sow-editor panel-first-child panel-last-child\" data-index=\"0\" ><div\n\t\t\t\n\t\t\tclass=\"so-widget-sow-editor so-widget-sow-editor-base\"\n\t\t\t\n\t\t>\n<div class=\"siteorigin-widget-tinymce textwidget\">\n\t<h2 style=\"text-align: center;\"><strong>La Grande For\u00eat<\/strong> est situ\u00e9e au c\u0153ur de Mont Tremblant, \u00e0 seulement quelques minutes en voiture de la Station Mont-Tremblant<\/h2>\n<p><strong>La Grande For\u00eat <\/strong> est situ\u00e9e au c\u0153ur de Mont-Tremblant, \u00e0 seulement quelques minutes en voiture de la Station Mont-Tremblant. La Grande For\u00eat offre \u00e0 ses r\u00e9sidents les avantages et la s\u00e9curit\u00e9 d\u2019une propri\u00e9t\u00e9 unifamiliale de luxe dans un complexe priv\u00e9 et s\u00e9curis\u00e9, en plus d\u2019\u00eatre \u00e0 proximit\u00e9 de toutes les activit\u00e9s et attractions que la r\u00e9gion du Mont-Tremblant a \u00e0 offrir.<\/p>\n<\/div>\n<\/div><\/div><\/div><\/div><div id=\"pg-319-1\"  class=\"panel-grid panel-no-style\" ><div id=\"pgc-319-1-0\"  class=\"panel-grid-cell\" ><div id=\"panel-319-1-0-0\" class=\"so-panel widget widget_media_image panel-first-child panel-last-child\" data-index=\"1\" ><img loading=\"lazy\" decoding=\"async\" width=\"1300\" height=\"760\" src=\"https:\/\/lagrandeforet.ca\/fr\/wp-content\/uploads\/2019\/06\/lagrandeforet_aerialview_village.jpg\" class=\"image wp-image-405  attachment-full size-full\" alt=\"Mont Tremblant Ski Resort - Aerial View\" style=\"max-width: 100%; height: auto;\" srcset=\"https:\/\/lagrandeforet.ca\/fr\/wp-content\/uploads\/2019\/06\/lagrandeforet_aerialview_village.jpg 1300w, https:\/\/lagrandeforet.ca\/fr\/wp-content\/uploads\/2019\/06\/lagrandeforet_aerialview_village-300x175.jpg 300w, https:\/\/lagrandeforet.ca\/fr\/wp-content\/uploads\/2019\/06\/lagrandeforet_aerialview_village-768x449.jpg 768w, https:\/\/lagrandeforet.ca\/fr\/wp-content\/uploads\/2019\/06\/lagrandeforet_aerialview_village-1024x599.jpg 1024w\" sizes=\"auto, (max-width: 1300px) 100vw, 1300px\" \/><\/div><\/div><div id=\"pgc-319-1-1\"  class=\"panel-grid-cell\" ><div id=\"panel-319-1-1-0\" class=\"so-panel widget widget_sow-editor panel-first-child panel-last-child\" data-index=\"2\" ><div\n\t\t\t\n\t\t\tclass=\"so-widget-sow-editor so-widget-sow-editor-base\"\n\t\t\t\n\t\t>\n<div class=\"siteorigin-widget-tinymce textwidget\">\n\t<p>Acquis initialement par la soci\u00e9t\u00e9 Intrawest et maintenant d\u00e9tenu et g\u00e9r\u00e9 par la Alterra Mountain Company, le centre de vill\u00e9giature de Mont-Tremblant se classe annuellement comme la station de ski la plus populaire dans l\u2019est de L\u2019Am\u00e9rique du Nord. Au pied de la montagne se trouve un village d\u2019une beaut\u00e9 f\u00e9\u00e9rique qui semble avoir \u00e9t\u00e9 transport\u00e9 directement des Alpes fran\u00e7aises et plac\u00e9 dans les Laurentides. Les boutiques, les restaurants, et les galeries d\u2019art y abondent.<\/p>\n<p>Les activit\u00e9s d\u2019hiver comprennent le ski, la planche \u00e0 neige, le ski de fond, la motoneige, le tra\u00eeneau \u00e0 chiens et en carriole, et le patinage sur glace. En \u00e9t\u00e9, les activit\u00e9s comprennent le golf de renomm\u00e9e mondiale, le tennis, le rafting et m\u00eame la course automobile au Circuit Mont-Tremblant, toutes situ\u00e9es dans la r\u00e9gion de Mont-Tremblant. Enfin, l\u2019automne apporte la plus incroyable palette de couleurs imaginables. Des visiteurs de partout dans le monde affluent \u00e0 Mont-Tremblant pour d\u00e9couvrir les merveilles de l\u2019automne dans les Laurentides.<\/p>\n<\/div>\n<\/div><\/div><\/div><\/div><\/div>","protected":false},"excerpt":{"rendered":"<p>La Grande For\u00eat est situ\u00e9e au c\u0153ur de Mont Tremblant, \u00e0 seulement quelques minutes en voiture de la Station Mont-Tremblant La Grande For\u00eat est situ\u00e9e au c\u0153ur de Mont-Tremblant, \u00e0 seulement quelques minutes en voiture de la Station Mont-Tremblant. La Grande For\u00eat offre \u00e0 ses r\u00e9sidents les avantages et la s\u00e9curit\u00e9 d\u2019une propri\u00e9t\u00e9 unifamiliale de [&hellip;]<\/p>\n","protected":false},"author":2,"featured_media":429,"parent":0,"menu_order":0,"comment_status":"closed","ping_status":"closed","template":"","meta":{"footnotes":""},"class_list":["post-319","page","type-page","status-publish","has-post-thumbnail","hentry"],"yoast_head":"<!-- This site is optimized with the Yoast SEO plugin v25.6 - https:\/\/yoast.com\/wordpress\/plugins\/seo\/ -->\n<title>Emplacement - La Grande Foret - Mont-Tremblant, Canada.<\/title>\n<meta name=\"robots\" content=\"noindex, follow, max-snippet:-1, max-image-preview:large, max-video-preview:-1\" \/>\n<meta property=\"og:locale\" content=\"en_US\" \/>\n<meta property=\"og:type\" content=\"article\" \/>\n<meta property=\"og:title\" content=\"Emplacement - La Grande Foret - Mont-Tremblant, Canada.\" \/>\n<meta property=\"og:description\" content=\"La Grande For\u00eat est situ\u00e9e au c\u0153ur de Mont Tremblant, \u00e0 seulement quelques minutes en voiture de la Station Mont-Tremblant La Grande For\u00eat est situ\u00e9e au c\u0153ur de Mont-Tremblant, \u00e0 seulement quelques minutes en voiture de la Station Mont-Tremblant. La Grande For\u00eat offre \u00e0 ses r\u00e9sidents les avantages et la s\u00e9curit\u00e9 d\u2019une propri\u00e9t\u00e9 unifamiliale de [&hellip;]\" \/>\n<meta property=\"og:url\" content=\"https:\/\/lagrandeforet.ca\/fr\/location\/\" \/>\n<meta property=\"og:site_name\" content=\"La Grande Foret - Mont-Tremblant, Canada.\" \/>\n<meta property=\"article:publisher\" content=\"https:\/\/www.facebook.com\/La-Grande-Foret-1327298187410681\/\" \/>\n<meta property=\"article:modified_time\" content=\"2020-05-23T10:39:49+00:00\" \/>\n<meta property=\"og:image\" content=\"https:\/\/lagrandeforet.ca\/fr\/wp-content\/uploads\/2019\/06\/lagrandeforet_location.jpg\" \/>\n\t<meta property=\"og:image:width\" content=\"1300\" \/>\n\t<meta property=\"og:image:height\" content=\"812\" \/>\n\t<meta property=\"og:image:type\" content=\"image\/jpeg\" \/>\n<meta name=\"twitter:card\" content=\"summary_large_image\" \/>\n<meta name=\"twitter:site\" content=\"@LaGrandeForet\" \/>\n<meta name=\"twitter:label1\" content=\"Est. reading time\" \/>\n\t<meta name=\"twitter:data1\" content=\"1 minute\" \/>\n<script type=\"application\/ld+json\" class=\"yoast-schema-graph\">{\"@context\":\"https:\/\/schema.org\",\"@graph\":[{\"@type\":\"WebPage\",\"@id\":\"https:\/\/lagrandeforet.ca\/fr\/location\/\",\"url\":\"https:\/\/lagrandeforet.ca\/fr\/location\/\",\"name\":\"Emplacement - La Grande Foret - Mont-Tremblant, Canada.\",\"isPartOf\":{\"@id\":\"https:\/\/lagrandeforet.ca\/fr\/#website\"},\"primaryImageOfPage\":{\"@id\":\"https:\/\/lagrandeforet.ca\/fr\/location\/#primaryimage\"},\"image\":{\"@id\":\"https:\/\/lagrandeforet.ca\/fr\/location\/#primaryimage\"},\"thumbnailUrl\":\"https:\/\/lagrandeforet.ca\/fr\/wp-content\/uploads\/2019\/06\/lagrandeforet_location.jpg\",\"datePublished\":\"2018-12-17T21:39:14+00:00\",\"dateModified\":\"2020-05-23T10:39:49+00:00\",\"breadcrumb\":{\"@id\":\"https:\/\/lagrandeforet.ca\/fr\/location\/#breadcrumb\"},\"inLanguage\":\"en-US\",\"potentialAction\":[{\"@type\":\"ReadAction\",\"target\":[\"https:\/\/lagrandeforet.ca\/fr\/location\/\"]}]},{\"@type\":\"ImageObject\",\"inLanguage\":\"en-US\",\"@id\":\"https:\/\/lagrandeforet.ca\/fr\/location\/#primaryimage\",\"url\":\"https:\/\/lagrandeforet.ca\/fr\/wp-content\/uploads\/2019\/06\/lagrandeforet_location.jpg\",\"contentUrl\":\"https:\/\/lagrandeforet.ca\/fr\/wp-content\/uploads\/2019\/06\/lagrandeforet_location.jpg\",\"width\":1300,\"height\":812,\"caption\":\"La Grande Foret - Locations and available lots\"},{\"@type\":\"BreadcrumbList\",\"@id\":\"https:\/\/lagrandeforet.ca\/fr\/location\/#breadcrumb\",\"itemListElement\":[{\"@type\":\"ListItem\",\"position\":1,\"name\":\"Home\",\"item\":\"https:\/\/lagrandeforet.ca\/fr\/\"},{\"@type\":\"ListItem\",\"position\":2,\"name\":\"Emplacement\"}]},{\"@type\":\"WebSite\",\"@id\":\"https:\/\/lagrandeforet.ca\/fr\/#website\",\"url\":\"https:\/\/lagrandeforet.ca\/fr\/\",\"name\":\"La Grande Foret - Mont-Tremblant, Canada.\",\"description\":\"La Grande For\u00eat is a private gated residential community and a luxury vacation rentals with world-class service\",\"publisher\":{\"@id\":\"https:\/\/lagrandeforet.ca\/fr\/#organization\"},\"potentialAction\":[{\"@type\":\"SearchAction\",\"target\":{\"@type\":\"EntryPoint\",\"urlTemplate\":\"https:\/\/lagrandeforet.ca\/fr\/?s={search_term_string}\"},\"query-input\":{\"@type\":\"PropertyValueSpecification\",\"valueRequired\":true,\"valueName\":\"search_term_string\"}}],\"inLanguage\":\"en-US\"},{\"@type\":\"Organization\",\"@id\":\"https:\/\/lagrandeforet.ca\/fr\/#organization\",\"name\":\"La Grande For\u00eat\",\"url\":\"https:\/\/lagrandeforet.ca\/fr\/\",\"logo\":{\"@type\":\"ImageObject\",\"inLanguage\":\"en-US\",\"@id\":\"https:\/\/lagrandeforet.ca\/fr\/#\/schema\/logo\/image\/\",\"url\":\"https:\/\/lagrandeforet.ca\/fr\/wp-content\/uploads\/2018\/12\/La-Grande-Foret.png\",\"contentUrl\":\"https:\/\/lagrandeforet.ca\/fr\/wp-content\/uploads\/2018\/12\/La-Grande-Foret.png\",\"width\":600,\"height\":600,\"caption\":\"La Grande For\u00eat\"},\"image\":{\"@id\":\"https:\/\/lagrandeforet.ca\/fr\/#\/schema\/logo\/image\/\"},\"sameAs\":[\"https:\/\/www.facebook.com\/La-Grande-Foret-1327298187410681\/\",\"https:\/\/x.com\/LaGrandeForet\",\"https:\/\/www.instagram.com\/lagrandeforet\/\"]}]}<\/script>\n<!-- \/ Yoast SEO plugin. -->","yoast_head_json":{"title":"Emplacement - La Grande Foret - Mont-Tremblant, Canada.","robots":{"index":"noindex","follow":"follow","max-snippet":"max-snippet:-1","max-image-preview":"max-image-preview:large","max-video-preview":"max-video-preview:-1"},"og_locale":"en_US","og_type":"article","og_title":"Emplacement - La Grande Foret - Mont-Tremblant, Canada.","og_description":"La Grande For\u00eat est situ\u00e9e au c\u0153ur de Mont Tremblant, \u00e0 seulement quelques minutes en voiture de la Station Mont-Tremblant La Grande For\u00eat est situ\u00e9e au c\u0153ur de Mont-Tremblant, \u00e0 seulement quelques minutes en voiture de la Station Mont-Tremblant. La Grande For\u00eat offre \u00e0 ses r\u00e9sidents les avantages et la s\u00e9curit\u00e9 d\u2019une propri\u00e9t\u00e9 unifamiliale de [&hellip;]","og_url":"https:\/\/lagrandeforet.ca\/fr\/location\/","og_site_name":"La Grande Foret - Mont-Tremblant, Canada.","article_publisher":"https:\/\/www.facebook.com\/La-Grande-Foret-1327298187410681\/","article_modified_time":"2020-05-23T10:39:49+00:00","og_image":[{"width":1300,"height":812,"url":"https:\/\/lagrandeforet.ca\/fr\/wp-content\/uploads\/2019\/06\/lagrandeforet_location.jpg","type":"image\/jpeg"}],"twitter_card":"summary_large_image","twitter_site":"@LaGrandeForet","twitter_misc":{"Est. reading time":"1 minute"},"schema":{"@context":"https:\/\/schema.org","@graph":[{"@type":"WebPage","@id":"https:\/\/lagrandeforet.ca\/fr\/location\/","url":"https:\/\/lagrandeforet.ca\/fr\/location\/","name":"Emplacement - La Grande Foret - Mont-Tremblant, Canada.","isPartOf":{"@id":"https:\/\/lagrandeforet.ca\/fr\/#website"},"primaryImageOfPage":{"@id":"https:\/\/lagrandeforet.ca\/fr\/location\/#primaryimage"},"image":{"@id":"https:\/\/lagrandeforet.ca\/fr\/location\/#primaryimage"},"thumbnailUrl":"https:\/\/lagrandeforet.ca\/fr\/wp-content\/uploads\/2019\/06\/lagrandeforet_location.jpg","datePublished":"2018-12-17T21:39:14+00:00","dateModified":"2020-05-23T10:39:49+00:00","breadcrumb":{"@id":"https:\/\/lagrandeforet.ca\/fr\/location\/#breadcrumb"},"inLanguage":"en-US","potentialAction":[{"@type":"ReadAction","target":["https:\/\/lagrandeforet.ca\/fr\/location\/"]}]},{"@type":"ImageObject","inLanguage":"en-US","@id":"https:\/\/lagrandeforet.ca\/fr\/location\/#primaryimage","url":"https:\/\/lagrandeforet.ca\/fr\/wp-content\/uploads\/2019\/06\/lagrandeforet_location.jpg","contentUrl":"https:\/\/lagrandeforet.ca\/fr\/wp-content\/uploads\/2019\/06\/lagrandeforet_location.jpg","width":1300,"height":812,"caption":"La Grande Foret - Locations and available lots"},{"@type":"BreadcrumbList","@id":"https:\/\/lagrandeforet.ca\/fr\/location\/#breadcrumb","itemListElement":[{"@type":"ListItem","position":1,"name":"Home","item":"https:\/\/lagrandeforet.ca\/fr\/"},{"@type":"ListItem","position":2,"name":"Emplacement"}]},{"@type":"WebSite","@id":"https:\/\/lagrandeforet.ca\/fr\/#website","url":"https:\/\/lagrandeforet.ca\/fr\/","name":"La Grande Foret - Mont-Tremblant, Canada.","description":"La Grande For\u00eat is a private gated residential community and a luxury vacation rentals with world-class service","publisher":{"@id":"https:\/\/lagrandeforet.ca\/fr\/#organization"},"potentialAction":[{"@type":"SearchAction","target":{"@type":"EntryPoint","urlTemplate":"https:\/\/lagrandeforet.ca\/fr\/?s={search_term_string}"},"query-input":{"@type":"PropertyValueSpecification","valueRequired":true,"valueName":"search_term_string"}}],"inLanguage":"en-US"},{"@type":"Organization","@id":"https:\/\/lagrandeforet.ca\/fr\/#organization","name":"La Grande For\u00eat","url":"https:\/\/lagrandeforet.ca\/fr\/","logo":{"@type":"ImageObject","inLanguage":"en-US","@id":"https:\/\/lagrandeforet.ca\/fr\/#\/schema\/logo\/image\/","url":"https:\/\/lagrandeforet.ca\/fr\/wp-content\/uploads\/2018\/12\/La-Grande-Foret.png","contentUrl":"https:\/\/lagrandeforet.ca\/fr\/wp-content\/uploads\/2018\/12\/La-Grande-Foret.png","width":600,"height":600,"caption":"La Grande For\u00eat"},"image":{"@id":"https:\/\/lagrandeforet.ca\/fr\/#\/schema\/logo\/image\/"},"sameAs":["https:\/\/www.facebook.com\/La-Grande-Foret-1327298187410681\/","https:\/\/x.com\/LaGrandeForet","https:\/\/www.instagram.com\/lagrandeforet\/"]}]}},"post_mailing_queue_ids":[],"_links":{"self":[{"href":"https:\/\/lagrandeforet.ca\/fr\/wp-json\/wp\/v2\/pages\/319","targetHints":{"allow":["GET"]}}],"collection":[{"href":"https:\/\/lagrandeforet.ca\/fr\/wp-json\/wp\/v2\/pages"}],"about":[{"href":"https:\/\/lagrandeforet.ca\/fr\/wp-json\/wp\/v2\/types\/page"}],"author":[{"embeddable":true,"href":"https:\/\/lagrandeforet.ca\/fr\/wp-json\/wp\/v2\/users\/2"}],"replies":[{"embeddable":true,"href":"https:\/\/lagrandeforet.ca\/fr\/wp-json\/wp\/v2\/comments?post=319"}],"version-history":[{"count":15,"href":"https:\/\/lagrandeforet.ca\/fr\/wp-json\/wp\/v2\/pages\/319\/revisions"}],"predecessor-version":[{"id":714,"href":"https:\/\/lagrandeforet.ca\/fr\/wp-json\/wp\/v2\/pages\/319\/revisions\/714"}],"wp:featuredmedia":[{"embeddable":true,"href":"https:\/\/lagrandeforet.ca\/fr\/wp-json\/wp\/v2\/media\/429"}],"wp:attachment":[{"href":"https:\/\/lagrandeforet.ca\/fr\/wp-json\/wp\/v2\/media?parent=319"}],"curies":[{"name":"wp","href":"https:\/\/api.w.org\/{rel}","templated":true}]}}