{"id":321,"date":"2018-12-17T21:39:51","date_gmt":"2018-12-18T02:39:51","guid":{"rendered":"http:\/\/lagrandeforet.ca\/?page_id=321"},"modified":"2025-07-29T11:38:37","modified_gmt":"2025-07-29T15:38:37","slug":"le-quartier","status":"publish","type":"page","link":"https:\/\/lagrandeforet.ca\/fr\/le-quartier\/","title":{"rendered":"Le Voisinage"},"content":{"rendered":"<div id=\"pl-321\"  class=\"panel-layout\" ><div id=\"pg-321-0\"  class=\"panel-grid panel-no-style\" ><div id=\"pgc-321-0-0\"  class=\"panel-grid-cell\" ><div id=\"panel-321-0-0-0\" class=\"so-panel widget widget_sow-editor panel-first-child panel-last-child\" data-index=\"0\" ><div\n\t\t\t\n\t\t\tclass=\"so-widget-sow-editor so-widget-sow-editor-base\"\n\t\t\t\n\t\t>\n<div class=\"siteorigin-widget-tinymce textwidget\">\n\t<h2 style=\"text-align: center;\">Nos r\u00e9sidences sont conformes aux pratiques de construction luxueuses et modernes tout en pr\u00e9servant le charme de la vie en montagne<\/h2>\n<p>Nous avons \u00e9tabli un partenariat avec les principaux constructeurs d\u2019habitations de luxe \u00e0 Mont-Tremblant pour \u00eatre en mesure de vous offrir des choix exceptionnels pour vos besoins en construction domiciliaire. Chaque r\u00e9sidence \u00e0 La Grande For\u00eat s\u2019est inspir\u00e9e des ressources naturelles disponibles au Canada et est fabriqu\u00e9e avec des mat\u00e9riaux naturels de grande qualit\u00e9 tels qu\u2019un rev\u00eatement ext\u00e9rieur en bois, des poutres et des planchers en bois massif \u00e0 l\u2019int\u00e9rieur, des accents en pierres de rivi\u00e8re et granite.<\/p>\n<\/div>\n<\/div><\/div><\/div><\/div><div id=\"pg-321-1\"  class=\"panel-grid panel-has-style\" ><div class=\"siteorigin-panels-stretch panel-row-style panel-row-style-for-321-1\" data-stretch-type=\"full-width-stretch\" ><div id=\"pgc-321-1-0\"  class=\"panel-grid-cell panel-grid-cell-empty\" ><\/div><\/div><\/div><div id=\"pg-321-2\"  class=\"panel-grid panel-no-style\" ><div id=\"pgc-321-2-0\"  class=\"panel-grid-cell\" ><div id=\"panel-321-2-0-0\" class=\"so-panel widget widget_sow-editor panel-first-child panel-last-child\" data-index=\"1\" ><div\n\t\t\t\n\t\t\tclass=\"so-widget-sow-editor so-widget-sow-editor-base\"\n\t\t\t\n\t\t>\n<div class=\"siteorigin-widget-tinymce textwidget\">\n\t<p>La conception architecturale des r\u00e9sidences, les plans d\u2019\u00e9tage et les niveaux d\u2019\u00e9l\u00e9vation proviennent de plusieurs grands architectes qui ont mis l\u2019accent sur la cr\u00e9ation d\u2019espaces chaleureux et accueillants, des aires ouvertes, une grande superficie et amplement de chambres \u00e0 coucher pour accueillir tous les membres de votre famille et vos invit\u00e9s. Notre intention est de combiner le luxe et tout le confort possible avec les pratiques de construction modernes tout en pr\u00e9servant le charme de la vie \u00e0 la montagne.<\/p>\n<p>Nous proposons maintenant de nouveaux mod\u00e8les qui combinent la beaut\u00e9 de nos plans existants avec un plus grand nombre de chambres \u00e0 coucher pour permettre \u00e0 la location \u00e0 court terme d\u2019\u00eatre plus rentable. Nous avons \u00e9tabli un partenariat avec la soci\u00e9t\u00e9 de gestion locative \u00e0 Tremblant pour non seulement g\u00e9rer ces types de propri\u00e9t\u00e9s, mais aussi pour contribuer \u00e0 une plus grande efficacit\u00e9 dans la conception de nos r\u00e9sidences et dans le fonctionnement des op\u00e9rations en g\u00e9n\u00e9ral.s.<\/p>\n<\/div>\n<\/div><\/div><\/div><\/div><div id=\"pg-321-3\"  class=\"panel-grid panel-no-style\" ><div id=\"pgc-321-3-0\"  class=\"panel-grid-cell\" ><div id=\"panel-321-3-0-0\" class=\"so-panel widget widget_media_gallery panel-first-child panel-last-child\" data-index=\"2\" ><div id='gallery-1' class='gallery galleryid-321 gallery-columns-3 gallery-size-medium'><dl class='gallery-item'>\n\t\t\t<dt class='gallery-icon landscape'>\n\t\t\t\t<a href='https:\/\/lagrandeforet.ca\/fr\/wp-content\/uploads\/2019\/07\/lagrandeforet_thehomes-1.jpg'><img loading=\"lazy\" decoding=\"async\" width=\"350\" height=\"234\" src=\"https:\/\/lagrandeforet.ca\/fr\/wp-content\/uploads\/2019\/07\/lagrandeforet_thehomes-1-350x234.jpg\" class=\"attachment-medium size-medium\" alt=\"R\u00e9sidences - La Grande Foret, Mont Tremblant\" srcset=\"https:\/\/lagrandeforet.ca\/fr\/wp-content\/uploads\/2019\/07\/lagrandeforet_thehomes-1-350x234.jpg 350w, https:\/\/lagrandeforet.ca\/fr\/wp-content\/uploads\/2019\/07\/lagrandeforet_thehomes-1-768x514.jpg 768w, https:\/\/lagrandeforet.ca\/fr\/wp-content\/uploads\/2019\/07\/lagrandeforet_thehomes-1-1024x685.jpg 1024w, https:\/\/lagrandeforet.ca\/fr\/wp-content\/uploads\/2019\/07\/lagrandeforet_thehomes-1-272x182.jpg 272w, https:\/\/lagrandeforet.ca\/fr\/wp-content\/uploads\/2019\/07\/lagrandeforet_thehomes-1.jpg 1300w\" sizes=\"auto, (max-width: 350px) 100vw, 350px\" \/><\/a>\n\t\t\t<\/dt><\/dl><dl class='gallery-item'>\n\t\t\t<dt class='gallery-icon landscape'>\n\t\t\t\t<a href='https:\/\/lagrandeforet.ca\/fr\/wp-content\/uploads\/2019\/07\/lagrandeforet_thehomes-2.jpg'><img loading=\"lazy\" decoding=\"async\" width=\"350\" height=\"234\" src=\"https:\/\/lagrandeforet.ca\/fr\/wp-content\/uploads\/2019\/07\/lagrandeforet_thehomes-2-350x234.jpg\" class=\"attachment-medium size-medium\" alt=\"R\u00e9sidences - La Grande Foret, Mont Tremblant\" srcset=\"https:\/\/lagrandeforet.ca\/fr\/wp-content\/uploads\/2019\/07\/lagrandeforet_thehomes-2-350x234.jpg 350w, https:\/\/lagrandeforet.ca\/fr\/wp-content\/uploads\/2019\/07\/lagrandeforet_thehomes-2-768x514.jpg 768w, https:\/\/lagrandeforet.ca\/fr\/wp-content\/uploads\/2019\/07\/lagrandeforet_thehomes-2-1024x685.jpg 1024w, https:\/\/lagrandeforet.ca\/fr\/wp-content\/uploads\/2019\/07\/lagrandeforet_thehomes-2-272x182.jpg 272w, https:\/\/lagrandeforet.ca\/fr\/wp-content\/uploads\/2019\/07\/lagrandeforet_thehomes-2.jpg 1300w\" sizes=\"auto, (max-width: 350px) 100vw, 350px\" \/><\/a>\n\t\t\t<\/dt><\/dl><dl class='gallery-item'>\n\t\t\t<dt class='gallery-icon landscape'>\n\t\t\t\t<a href='https:\/\/lagrandeforet.ca\/fr\/wp-content\/uploads\/2019\/07\/lagrandeforet_thehomes-3.jpg'><img loading=\"lazy\" decoding=\"async\" width=\"350\" height=\"234\" src=\"https:\/\/lagrandeforet.ca\/fr\/wp-content\/uploads\/2019\/07\/lagrandeforet_thehomes-3-350x234.jpg\" class=\"attachment-medium size-medium\" alt=\"R\u00e9sidences - La Grande Foret, Mont Tremblant\" srcset=\"https:\/\/lagrandeforet.ca\/fr\/wp-content\/uploads\/2019\/07\/lagrandeforet_thehomes-3-350x234.jpg 350w, https:\/\/lagrandeforet.ca\/fr\/wp-content\/uploads\/2019\/07\/lagrandeforet_thehomes-3-768x514.jpg 768w, https:\/\/lagrandeforet.ca\/fr\/wp-content\/uploads\/2019\/07\/lagrandeforet_thehomes-3-1024x685.jpg 1024w, https:\/\/lagrandeforet.ca\/fr\/wp-content\/uploads\/2019\/07\/lagrandeforet_thehomes-3-272x182.jpg 272w, https:\/\/lagrandeforet.ca\/fr\/wp-content\/uploads\/2019\/07\/lagrandeforet_thehomes-3.jpg 1300w\" sizes=\"auto, (max-width: 350px) 100vw, 350px\" \/><\/a>\n\t\t\t<\/dt><\/dl><br style=\"clear: both\" \/><dl class='gallery-item'>\n\t\t\t<dt class='gallery-icon landscape'>\n\t\t\t\t<a href='https:\/\/lagrandeforet.ca\/fr\/wp-content\/uploads\/2019\/07\/lagrandeforet_thehomes-4.jpg'><img loading=\"lazy\" decoding=\"async\" width=\"350\" height=\"234\" src=\"https:\/\/lagrandeforet.ca\/fr\/wp-content\/uploads\/2019\/07\/lagrandeforet_thehomes-4-350x234.jpg\" class=\"attachment-medium size-medium\" alt=\"R\u00e9sidences - La Grande Foret, Mont Tremblant\" srcset=\"https:\/\/lagrandeforet.ca\/fr\/wp-content\/uploads\/2019\/07\/lagrandeforet_thehomes-4-350x234.jpg 350w, https:\/\/lagrandeforet.ca\/fr\/wp-content\/uploads\/2019\/07\/lagrandeforet_thehomes-4-768x514.jpg 768w, https:\/\/lagrandeforet.ca\/fr\/wp-content\/uploads\/2019\/07\/lagrandeforet_thehomes-4-1024x685.jpg 1024w, https:\/\/lagrandeforet.ca\/fr\/wp-content\/uploads\/2019\/07\/lagrandeforet_thehomes-4-272x182.jpg 272w, https:\/\/lagrandeforet.ca\/fr\/wp-content\/uploads\/2019\/07\/lagrandeforet_thehomes-4.jpg 1300w\" sizes=\"auto, (max-width: 350px) 100vw, 350px\" \/><\/a>\n\t\t\t<\/dt><\/dl><dl class='gallery-item'>\n\t\t\t<dt class='gallery-icon landscape'>\n\t\t\t\t<a href='https:\/\/lagrandeforet.ca\/fr\/wp-content\/uploads\/2019\/07\/lagrandeforet_thehomes-5.jpg'><img loading=\"lazy\" decoding=\"async\" width=\"350\" height=\"234\" src=\"https:\/\/lagrandeforet.ca\/fr\/wp-content\/uploads\/2019\/07\/lagrandeforet_thehomes-5-350x234.jpg\" class=\"attachment-medium size-medium\" alt=\"R\u00e9sidences - La Grande Foret, Mont Tremblant\" srcset=\"https:\/\/lagrandeforet.ca\/fr\/wp-content\/uploads\/2019\/07\/lagrandeforet_thehomes-5-350x234.jpg 350w, https:\/\/lagrandeforet.ca\/fr\/wp-content\/uploads\/2019\/07\/lagrandeforet_thehomes-5-768x514.jpg 768w, https:\/\/lagrandeforet.ca\/fr\/wp-content\/uploads\/2019\/07\/lagrandeforet_thehomes-5-1024x685.jpg 1024w, https:\/\/lagrandeforet.ca\/fr\/wp-content\/uploads\/2019\/07\/lagrandeforet_thehomes-5-272x182.jpg 272w, https:\/\/lagrandeforet.ca\/fr\/wp-content\/uploads\/2019\/07\/lagrandeforet_thehomes-5.jpg 1300w\" sizes=\"auto, (max-width: 350px) 100vw, 350px\" \/><\/a>\n\t\t\t<\/dt><\/dl><dl class='gallery-item'>\n\t\t\t<dt class='gallery-icon landscape'>\n\t\t\t\t<a href='https:\/\/lagrandeforet.ca\/fr\/wp-content\/uploads\/2025\/07\/lagrandeforet_thehomes-6.webp'><img loading=\"lazy\" decoding=\"async\" width=\"350\" height=\"234\" src=\"https:\/\/lagrandeforet.ca\/fr\/wp-content\/uploads\/2025\/07\/lagrandeforet_thehomes-6-350x234.webp\" class=\"attachment-medium size-medium\" alt=\"\" srcset=\"https:\/\/lagrandeforet.ca\/fr\/wp-content\/uploads\/2025\/07\/lagrandeforet_thehomes-6-350x234.webp 350w, https:\/\/lagrandeforet.ca\/fr\/wp-content\/uploads\/2025\/07\/lagrandeforet_thehomes-6-1024x685.webp 1024w, https:\/\/lagrandeforet.ca\/fr\/wp-content\/uploads\/2025\/07\/lagrandeforet_thehomes-6-768x514.webp 768w, https:\/\/lagrandeforet.ca\/fr\/wp-content\/uploads\/2025\/07\/lagrandeforet_thehomes-6-272x182.webp 272w, https:\/\/lagrandeforet.ca\/fr\/wp-content\/uploads\/2025\/07\/lagrandeforet_thehomes-6.webp 1300w\" sizes=\"auto, (max-width: 350px) 100vw, 350px\" \/><\/a>\n\t\t\t<\/dt><\/dl><br style=\"clear: both\" \/>\n\t\t<\/div>\n<\/div><\/div><\/div><\/div>","protected":false},"excerpt":{"rendered":"<p>Nos r\u00e9sidences sont conformes aux pratiques de construction luxueuses et modernes tout en pr\u00e9servant le charme de la vie en montagne Nous avons \u00e9tabli un partenariat avec les principaux constructeurs d\u2019habitations de luxe \u00e0 Mont-Tremblant pour \u00eatre en mesure de vous offrir des choix exceptionnels pour vos besoins en construction domiciliaire. Chaque r\u00e9sidence \u00e0 La [&hellip;]<\/p>\n","protected":false},"author":2,"featured_media":1012,"parent":0,"menu_order":0,"comment_status":"closed","ping_status":"closed","template":"","meta":{"footnotes":""},"class_list":["post-321","page","type-page","status-publish","has-post-thumbnail","hentry"],"yoast_head":"<!-- This site is optimized with the Yoast SEO plugin v25.6 - https:\/\/yoast.com\/wordpress\/plugins\/seo\/ -->\n<title>Le Voisinage - La Grande Foret - Mont-Tremblant, Canada.<\/title>\n<meta name=\"robots\" content=\"noindex, follow, max-snippet:-1, max-image-preview:large, max-video-preview:-1\" \/>\n<meta property=\"og:locale\" content=\"en_US\" \/>\n<meta property=\"og:type\" content=\"article\" \/>\n<meta property=\"og:title\" content=\"Le Voisinage - La Grande Foret - Mont-Tremblant, Canada.\" \/>\n<meta property=\"og:description\" content=\"Nos r\u00e9sidences sont conformes aux pratiques de construction luxueuses et modernes tout en pr\u00e9servant le charme de la vie en montagne Nous avons \u00e9tabli un partenariat avec les principaux constructeurs d\u2019habitations de luxe \u00e0 Mont-Tremblant pour \u00eatre en mesure de vous offrir des choix exceptionnels pour vos besoins en construction domiciliaire. Chaque r\u00e9sidence \u00e0 La [&hellip;]\" \/>\n<meta property=\"og:url\" content=\"https:\/\/lagrandeforet.ca\/fr\/le-quartier\/\" \/>\n<meta property=\"og:site_name\" content=\"La Grande Foret - Mont-Tremblant, Canada.\" \/>\n<meta property=\"article:publisher\" content=\"https:\/\/www.facebook.com\/La-Grande-Foret-1327298187410681\/\" \/>\n<meta property=\"article:modified_time\" content=\"2025-07-29T15:38:37+00:00\" \/>\n<meta property=\"og:image\" content=\"https:\/\/lagrandeforet.ca\/fr\/wp-content\/uploads\/2025\/07\/The-Neighbourhood.webp\" \/>\n\t<meta property=\"og:image:width\" content=\"1905\" \/>\n\t<meta property=\"og:image:height\" content=\"1114\" \/>\n\t<meta property=\"og:image:type\" content=\"image\/webp\" \/>\n<meta name=\"twitter:card\" content=\"summary_large_image\" \/>\n<meta name=\"twitter:site\" content=\"@LaGrandeForet\" \/>\n<meta name=\"twitter:label1\" content=\"Est. reading time\" \/>\n\t<meta name=\"twitter:data1\" content=\"3 minutes\" \/>\n<script type=\"application\/ld+json\" class=\"yoast-schema-graph\">{\"@context\":\"https:\/\/schema.org\",\"@graph\":[{\"@type\":\"WebPage\",\"@id\":\"https:\/\/lagrandeforet.ca\/fr\/le-quartier\/\",\"url\":\"https:\/\/lagrandeforet.ca\/fr\/le-quartier\/\",\"name\":\"Le Voisinage - La Grande Foret - Mont-Tremblant, Canada.\",\"isPartOf\":{\"@id\":\"https:\/\/lagrandeforet.ca\/fr\/#website\"},\"primaryImageOfPage\":{\"@id\":\"https:\/\/lagrandeforet.ca\/fr\/le-quartier\/#primaryimage\"},\"image\":{\"@id\":\"https:\/\/lagrandeforet.ca\/fr\/le-quartier\/#primaryimage\"},\"thumbnailUrl\":\"https:\/\/lagrandeforet.ca\/fr\/wp-content\/uploads\/2025\/07\/The-Neighbourhood.webp\",\"datePublished\":\"2018-12-18T02:39:51+00:00\",\"dateModified\":\"2025-07-29T15:38:37+00:00\",\"breadcrumb\":{\"@id\":\"https:\/\/lagrandeforet.ca\/fr\/le-quartier\/#breadcrumb\"},\"inLanguage\":\"en-US\",\"potentialAction\":[{\"@type\":\"ReadAction\",\"target\":[\"https:\/\/lagrandeforet.ca\/fr\/le-quartier\/\"]}]},{\"@type\":\"ImageObject\",\"inLanguage\":\"en-US\",\"@id\":\"https:\/\/lagrandeforet.ca\/fr\/le-quartier\/#primaryimage\",\"url\":\"https:\/\/lagrandeforet.ca\/fr\/wp-content\/uploads\/2025\/07\/The-Neighbourhood.webp\",\"contentUrl\":\"https:\/\/lagrandeforet.ca\/fr\/wp-content\/uploads\/2025\/07\/The-Neighbourhood.webp\",\"width\":1905,\"height\":1114},{\"@type\":\"BreadcrumbList\",\"@id\":\"https:\/\/lagrandeforet.ca\/fr\/le-quartier\/#breadcrumb\",\"itemListElement\":[{\"@type\":\"ListItem\",\"position\":1,\"name\":\"Home\",\"item\":\"https:\/\/lagrandeforet.ca\/fr\/\"},{\"@type\":\"ListItem\",\"position\":2,\"name\":\"Le Voisinage\"}]},{\"@type\":\"WebSite\",\"@id\":\"https:\/\/lagrandeforet.ca\/fr\/#website\",\"url\":\"https:\/\/lagrandeforet.ca\/fr\/\",\"name\":\"La Grande Foret - Mont-Tremblant, Canada.\",\"description\":\"La Grande For\u00eat is a private gated residential community and a luxury vacation rentals with world-class service\",\"publisher\":{\"@id\":\"https:\/\/lagrandeforet.ca\/fr\/#organization\"},\"potentialAction\":[{\"@type\":\"SearchAction\",\"target\":{\"@type\":\"EntryPoint\",\"urlTemplate\":\"https:\/\/lagrandeforet.ca\/fr\/?s={search_term_string}\"},\"query-input\":{\"@type\":\"PropertyValueSpecification\",\"valueRequired\":true,\"valueName\":\"search_term_string\"}}],\"inLanguage\":\"en-US\"},{\"@type\":\"Organization\",\"@id\":\"https:\/\/lagrandeforet.ca\/fr\/#organization\",\"name\":\"La Grande For\u00eat\",\"url\":\"https:\/\/lagrandeforet.ca\/fr\/\",\"logo\":{\"@type\":\"ImageObject\",\"inLanguage\":\"en-US\",\"@id\":\"https:\/\/lagrandeforet.ca\/fr\/#\/schema\/logo\/image\/\",\"url\":\"https:\/\/lagrandeforet.ca\/fr\/wp-content\/uploads\/2018\/12\/La-Grande-Foret.png\",\"contentUrl\":\"https:\/\/lagrandeforet.ca\/fr\/wp-content\/uploads\/2018\/12\/La-Grande-Foret.png\",\"width\":600,\"height\":600,\"caption\":\"La Grande For\u00eat\"},\"image\":{\"@id\":\"https:\/\/lagrandeforet.ca\/fr\/#\/schema\/logo\/image\/\"},\"sameAs\":[\"https:\/\/www.facebook.com\/La-Grande-Foret-1327298187410681\/\",\"https:\/\/x.com\/LaGrandeForet\",\"https:\/\/www.instagram.com\/lagrandeforet\/\"]}]}<\/script>\n<!-- \/ Yoast SEO plugin. -->","yoast_head_json":{"title":"Le Voisinage - La Grande Foret - Mont-Tremblant, Canada.","robots":{"index":"noindex","follow":"follow","max-snippet":"max-snippet:-1","max-image-preview":"max-image-preview:large","max-video-preview":"max-video-preview:-1"},"og_locale":"en_US","og_type":"article","og_title":"Le Voisinage - La Grande Foret - Mont-Tremblant, Canada.","og_description":"Nos r\u00e9sidences sont conformes aux pratiques de construction luxueuses et modernes tout en pr\u00e9servant le charme de la vie en montagne Nous avons \u00e9tabli un partenariat avec les principaux constructeurs d\u2019habitations de luxe \u00e0 Mont-Tremblant pour \u00eatre en mesure de vous offrir des choix exceptionnels pour vos besoins en construction domiciliaire. Chaque r\u00e9sidence \u00e0 La [&hellip;]","og_url":"https:\/\/lagrandeforet.ca\/fr\/le-quartier\/","og_site_name":"La Grande Foret - Mont-Tremblant, Canada.","article_publisher":"https:\/\/www.facebook.com\/La-Grande-Foret-1327298187410681\/","article_modified_time":"2025-07-29T15:38:37+00:00","og_image":[{"width":1905,"height":1114,"url":"https:\/\/lagrandeforet.ca\/fr\/wp-content\/uploads\/2025\/07\/The-Neighbourhood.webp","type":"image\/webp"}],"twitter_card":"summary_large_image","twitter_site":"@LaGrandeForet","twitter_misc":{"Est. reading time":"3 minutes"},"schema":{"@context":"https:\/\/schema.org","@graph":[{"@type":"WebPage","@id":"https:\/\/lagrandeforet.ca\/fr\/le-quartier\/","url":"https:\/\/lagrandeforet.ca\/fr\/le-quartier\/","name":"Le Voisinage - La Grande Foret - Mont-Tremblant, Canada.","isPartOf":{"@id":"https:\/\/lagrandeforet.ca\/fr\/#website"},"primaryImageOfPage":{"@id":"https:\/\/lagrandeforet.ca\/fr\/le-quartier\/#primaryimage"},"image":{"@id":"https:\/\/lagrandeforet.ca\/fr\/le-quartier\/#primaryimage"},"thumbnailUrl":"https:\/\/lagrandeforet.ca\/fr\/wp-content\/uploads\/2025\/07\/The-Neighbourhood.webp","datePublished":"2018-12-18T02:39:51+00:00","dateModified":"2025-07-29T15:38:37+00:00","breadcrumb":{"@id":"https:\/\/lagrandeforet.ca\/fr\/le-quartier\/#breadcrumb"},"inLanguage":"en-US","potentialAction":[{"@type":"ReadAction","target":["https:\/\/lagrandeforet.ca\/fr\/le-quartier\/"]}]},{"@type":"ImageObject","inLanguage":"en-US","@id":"https:\/\/lagrandeforet.ca\/fr\/le-quartier\/#primaryimage","url":"https:\/\/lagrandeforet.ca\/fr\/wp-content\/uploads\/2025\/07\/The-Neighbourhood.webp","contentUrl":"https:\/\/lagrandeforet.ca\/fr\/wp-content\/uploads\/2025\/07\/The-Neighbourhood.webp","width":1905,"height":1114},{"@type":"BreadcrumbList","@id":"https:\/\/lagrandeforet.ca\/fr\/le-quartier\/#breadcrumb","itemListElement":[{"@type":"ListItem","position":1,"name":"Home","item":"https:\/\/lagrandeforet.ca\/fr\/"},{"@type":"ListItem","position":2,"name":"Le Voisinage"}]},{"@type":"WebSite","@id":"https:\/\/lagrandeforet.ca\/fr\/#website","url":"https:\/\/lagrandeforet.ca\/fr\/","name":"La Grande Foret - Mont-Tremblant, Canada.","description":"La Grande For\u00eat is a private gated residential community and a luxury vacation rentals with world-class service","publisher":{"@id":"https:\/\/lagrandeforet.ca\/fr\/#organization"},"potentialAction":[{"@type":"SearchAction","target":{"@type":"EntryPoint","urlTemplate":"https:\/\/lagrandeforet.ca\/fr\/?s={search_term_string}"},"query-input":{"@type":"PropertyValueSpecification","valueRequired":true,"valueName":"search_term_string"}}],"inLanguage":"en-US"},{"@type":"Organization","@id":"https:\/\/lagrandeforet.ca\/fr\/#organization","name":"La Grande For\u00eat","url":"https:\/\/lagrandeforet.ca\/fr\/","logo":{"@type":"ImageObject","inLanguage":"en-US","@id":"https:\/\/lagrandeforet.ca\/fr\/#\/schema\/logo\/image\/","url":"https:\/\/lagrandeforet.ca\/fr\/wp-content\/uploads\/2018\/12\/La-Grande-Foret.png","contentUrl":"https:\/\/lagrandeforet.ca\/fr\/wp-content\/uploads\/2018\/12\/La-Grande-Foret.png","width":600,"height":600,"caption":"La Grande For\u00eat"},"image":{"@id":"https:\/\/lagrandeforet.ca\/fr\/#\/schema\/logo\/image\/"},"sameAs":["https:\/\/www.facebook.com\/La-Grande-Foret-1327298187410681\/","https:\/\/x.com\/LaGrandeForet","https:\/\/www.instagram.com\/lagrandeforet\/"]}]}},"post_mailing_queue_ids":[],"_links":{"self":[{"href":"https:\/\/lagrandeforet.ca\/fr\/wp-json\/wp\/v2\/pages\/321","targetHints":{"allow":["GET"]}}],"collection":[{"href":"https:\/\/lagrandeforet.ca\/fr\/wp-json\/wp\/v2\/pages"}],"about":[{"href":"https:\/\/lagrandeforet.ca\/fr\/wp-json\/wp\/v2\/types\/page"}],"author":[{"embeddable":true,"href":"https:\/\/lagrandeforet.ca\/fr\/wp-json\/wp\/v2\/users\/2"}],"replies":[{"embeddable":true,"href":"https:\/\/lagrandeforet.ca\/fr\/wp-json\/wp\/v2\/comments?post=321"}],"version-history":[{"count":93,"href":"https:\/\/lagrandeforet.ca\/fr\/wp-json\/wp\/v2\/pages\/321\/revisions"}],"predecessor-version":[{"id":1033,"href":"https:\/\/lagrandeforet.ca\/fr\/wp-json\/wp\/v2\/pages\/321\/revisions\/1033"}],"wp:featuredmedia":[{"embeddable":true,"href":"https:\/\/lagrandeforet.ca\/fr\/wp-json\/wp\/v2\/media\/1012"}],"wp:attachment":[{"href":"https:\/\/lagrandeforet.ca\/fr\/wp-json\/wp\/v2\/media?parent=321"}],"curies":[{"name":"wp","href":"https:\/\/api.w.org\/{rel}","templated":true}]}}