{"id":368,"date":"2019-06-18T11:29:36","date_gmt":"2019-06-18T15:29:36","guid":{"rendered":"http:\/\/lagrandeforet.ca\/?page_id=368"},"modified":"2024-04-30T09:44:40","modified_gmt":"2024-04-30T13:44:40","slug":"plan-du-domaine","status":"publish","type":"page","link":"https:\/\/lagrandeforet.ca\/fr\/plan-du-domaine\/","title":{"rendered":"Plan Du Domaine"},"content":{"rendered":"<div id=\"pl-368\"  class=\"panel-layout\" ><div id=\"pg-368-0\"  class=\"panel-grid panel-no-style\" ><div id=\"pgc-368-0-0\"  class=\"panel-grid-cell\" ><div id=\"panel-368-0-0-0\" class=\"so-panel widget widget_sow-editor panel-first-child panel-last-child\" data-index=\"0\" ><div\n\t\t\t\n\t\t\tclass=\"so-widget-sow-editor so-widget-sow-editor-base\"\n\t\t\t\n\t\t>\n<div class=\"siteorigin-widget-tinymce textwidget\">\n\t<h2 style=\"text-align: center;\">La Grande For\u00eat est configur\u00e9e strat\u00e9giquement avec deux points d\u2019acc\u00e8s limit\u00e9 \u00e0 ses propri\u00e9taires et leurs invit\u00e9s<\/h2>\n<p>La Grande For\u00eat est configur\u00e9e strat\u00e9giquement avec deux points d\u2019acc\u00e8s limit\u00e9. L\u2019entr\u00e9e nord permet une courte promenade dans le village de la Station. L\u2019entr\u00e9e sud permet un acc\u00e8s rapide au secteur \u00ab Vieux village \u00bb de Tremblant, au lac Mercier, et \u00e0 La Conception. Cette particularit\u00e9 est un atout pr\u00e9cieux de La Grande For\u00eat et ces points d\u2019acc\u00e8s sont limit\u00e9s \u00e0 ses propri\u00e9taires et leurs invit\u00e9s.<\/p>\n<p><img loading=\"lazy\" decoding=\"async\" class=\"aligncenter wp-image-956 size-large\" src=\"https:\/\/lagrandeforet.ca\/wp-content\/uploads\/2022\/09\/SitePlan_2022-618x1024.jpg\" alt=\"La Grande For\u00eat Site Plan at Mont Tremblant, Canada\" width=\"604\" height=\"1001\" \/><\/p>\n<\/div>\n<\/div><\/div><\/div><\/div><div id=\"pg-368-1\"  class=\"panel-grid panel-has-style\" ><div class=\"siteorigin-panels-stretch panel-row-style panel-row-style-for-368-1\" data-stretch-type=\"full-width-stretch\" ><div id=\"pgc-368-1-0\"  class=\"panel-grid-cell\" ><div id=\"panel-368-1-0-0\" class=\"so-panel widget widget_media_image panel-first-child panel-last-child\" data-index=\"1\" ><div class=\"fullimg panel-widget-style panel-widget-style-for-368-1-0-0\" ><img loading=\"lazy\" decoding=\"async\" width=\"637\" height=\"707\" src=\"https:\/\/lagrandeforet.ca\/fr\/wp-content\/uploads\/2019\/07\/lots-img.jpg\" class=\"image wp-image-516  attachment-full size-full\" alt=\"Mont-Tremblant Village, City in Qu\u00e9bec, Canada.\" style=\"max-width: 100%; height: auto;\" srcset=\"https:\/\/lagrandeforet.ca\/fr\/wp-content\/uploads\/2019\/07\/lots-img.jpg 637w, https:\/\/lagrandeforet.ca\/fr\/wp-content\/uploads\/2019\/07\/lots-img-270x300.jpg 270w\" sizes=\"auto, (max-width: 637px) 100vw, 637px\" \/><\/div><\/div><\/div><div id=\"pgc-368-1-1\"  class=\"panel-grid-cell\" ><div id=\"panel-368-1-1-0\" class=\"so-panel widget widget_sow-editor panel-first-child panel-last-child\" data-index=\"2\" ><div class=\"desktopcontentr panel-widget-style panel-widget-style-for-368-1-1-0\" ><div\n\t\t\t\n\t\t\tclass=\"so-widget-sow-editor so-widget-sow-editor-base\"\n\t\t\t\n\t\t>\n<div class=\"siteorigin-widget-tinymce textwidget\">\n\t<h2>Les lots<\/h2>\n<p>La Grande For\u00eat est une communaut\u00e9 priv\u00e9e comprenant plus de 70 larges terrains. Toutes les routes et les infrastructures sont d\u00e9j\u00e0 existantes. <strong>Le prix des terrains vierges d\u00e9bute \u00e0 $375.000 plus taxes, tandis que le prix des terrains incluant la construction d\u00e9bute \u00e0 1.9 million<\/strong>. Veuillez nous <a href=\"https:\/\/lagrandeforet.ca\/fr\/contact\/\">contacter<\/a> pour obtenir davantage d\u2019informations concernant les prix et la disponibilit\u00e9 de terrain pour les phases de La R\u00e9serve et Natur.<\/p>\n<\/div>\n<\/div><\/div><\/div><\/div><\/div><\/div><\/div>","protected":false},"excerpt":{"rendered":"<p>La Grande For\u00eat est configur\u00e9e strat\u00e9giquement avec deux points d\u2019acc\u00e8s limit\u00e9 \u00e0 ses propri\u00e9taires et leurs invit\u00e9s La Grande For\u00eat est configur\u00e9e strat\u00e9giquement avec deux points d\u2019acc\u00e8s limit\u00e9. L\u2019entr\u00e9e nord permet une courte promenade dans le village de la Station. L\u2019entr\u00e9e sud permet un acc\u00e8s rapide au secteur \u00ab Vieux village \u00bb de Tremblant, au [&hellip;]<\/p>\n","protected":false},"author":2,"featured_media":411,"parent":0,"menu_order":0,"comment_status":"closed","ping_status":"closed","template":"","meta":{"footnotes":""},"class_list":["post-368","page","type-page","status-publish","has-post-thumbnail","hentry"],"yoast_head":"<!-- This site is optimized with the Yoast SEO plugin v25.6 - https:\/\/yoast.com\/wordpress\/plugins\/seo\/ -->\n<title>Plan Du Domaine - La Grande Foret - Mont-Tremblant, Canada.<\/title>\n<meta name=\"robots\" content=\"noindex, follow, max-snippet:-1, max-image-preview:large, max-video-preview:-1\" \/>\n<meta property=\"og:locale\" content=\"en_US\" \/>\n<meta property=\"og:type\" content=\"article\" \/>\n<meta property=\"og:title\" content=\"Plan Du Domaine - La Grande Foret - Mont-Tremblant, Canada.\" \/>\n<meta property=\"og:description\" content=\"La Grande For\u00eat est configur\u00e9e strat\u00e9giquement avec deux points d\u2019acc\u00e8s limit\u00e9 \u00e0 ses propri\u00e9taires et leurs invit\u00e9s La Grande For\u00eat est configur\u00e9e strat\u00e9giquement avec deux points d\u2019acc\u00e8s limit\u00e9. L\u2019entr\u00e9e nord permet une courte promenade dans le village de la Station. L\u2019entr\u00e9e sud permet un acc\u00e8s rapide au secteur \u00ab Vieux village \u00bb de Tremblant, au [&hellip;]\" \/>\n<meta property=\"og:url\" content=\"https:\/\/lagrandeforet.ca\/fr\/plan-du-domaine\/\" \/>\n<meta property=\"og:site_name\" content=\"La Grande Foret - Mont-Tremblant, Canada.\" \/>\n<meta property=\"article:publisher\" content=\"https:\/\/www.facebook.com\/La-Grande-Foret-1327298187410681\/\" \/>\n<meta property=\"article:modified_time\" content=\"2024-04-30T13:44:40+00:00\" \/>\n<meta property=\"og:image\" content=\"https:\/\/lagrandeforet.ca\/fr\/wp-content\/uploads\/2019\/06\/lagrandeforet_property.jpg\" \/>\n\t<meta property=\"og:image:width\" content=\"1300\" \/>\n\t<meta property=\"og:image:height\" content=\"760\" \/>\n\t<meta property=\"og:image:type\" content=\"image\/jpeg\" \/>\n<meta name=\"twitter:card\" content=\"summary_large_image\" \/>\n<meta name=\"twitter:site\" content=\"@LaGrandeForet\" \/>\n<meta name=\"twitter:label1\" content=\"Est. reading time\" \/>\n\t<meta name=\"twitter:data1\" content=\"2 minutes\" \/>\n<script type=\"application\/ld+json\" class=\"yoast-schema-graph\">{\"@context\":\"https:\/\/schema.org\",\"@graph\":[{\"@type\":\"WebPage\",\"@id\":\"https:\/\/lagrandeforet.ca\/fr\/plan-du-domaine\/\",\"url\":\"https:\/\/lagrandeforet.ca\/fr\/plan-du-domaine\/\",\"name\":\"Plan Du Domaine - La Grande Foret - Mont-Tremblant, Canada.\",\"isPartOf\":{\"@id\":\"https:\/\/lagrandeforet.ca\/fr\/#website\"},\"primaryImageOfPage\":{\"@id\":\"https:\/\/lagrandeforet.ca\/fr\/plan-du-domaine\/#primaryimage\"},\"image\":{\"@id\":\"https:\/\/lagrandeforet.ca\/fr\/plan-du-domaine\/#primaryimage\"},\"thumbnailUrl\":\"https:\/\/lagrandeforet.ca\/fr\/wp-content\/uploads\/2019\/06\/lagrandeforet_property.jpg\",\"datePublished\":\"2019-06-18T15:29:36+00:00\",\"dateModified\":\"2024-04-30T13:44:40+00:00\",\"breadcrumb\":{\"@id\":\"https:\/\/lagrandeforet.ca\/fr\/plan-du-domaine\/#breadcrumb\"},\"inLanguage\":\"en-US\",\"potentialAction\":[{\"@type\":\"ReadAction\",\"target\":[\"https:\/\/lagrandeforet.ca\/fr\/plan-du-domaine\/\"]}]},{\"@type\":\"ImageObject\",\"inLanguage\":\"en-US\",\"@id\":\"https:\/\/lagrandeforet.ca\/fr\/plan-du-domaine\/#primaryimage\",\"url\":\"https:\/\/lagrandeforet.ca\/fr\/wp-content\/uploads\/2019\/06\/lagrandeforet_property.jpg\",\"contentUrl\":\"https:\/\/lagrandeforet.ca\/fr\/wp-content\/uploads\/2019\/06\/lagrandeforet_property.jpg\",\"width\":1300,\"height\":760,\"caption\":\"La Grande For\u00eat is a private gated residential community\"},{\"@type\":\"BreadcrumbList\",\"@id\":\"https:\/\/lagrandeforet.ca\/fr\/plan-du-domaine\/#breadcrumb\",\"itemListElement\":[{\"@type\":\"ListItem\",\"position\":1,\"name\":\"Home\",\"item\":\"https:\/\/lagrandeforet.ca\/fr\/\"},{\"@type\":\"ListItem\",\"position\":2,\"name\":\"Plan Du Domaine\"}]},{\"@type\":\"WebSite\",\"@id\":\"https:\/\/lagrandeforet.ca\/fr\/#website\",\"url\":\"https:\/\/lagrandeforet.ca\/fr\/\",\"name\":\"La Grande Foret - Mont-Tremblant, Canada.\",\"description\":\"La Grande For\u00eat is a private gated residential community and a luxury vacation rentals with world-class service\",\"publisher\":{\"@id\":\"https:\/\/lagrandeforet.ca\/fr\/#organization\"},\"potentialAction\":[{\"@type\":\"SearchAction\",\"target\":{\"@type\":\"EntryPoint\",\"urlTemplate\":\"https:\/\/lagrandeforet.ca\/fr\/?s={search_term_string}\"},\"query-input\":{\"@type\":\"PropertyValueSpecification\",\"valueRequired\":true,\"valueName\":\"search_term_string\"}}],\"inLanguage\":\"en-US\"},{\"@type\":\"Organization\",\"@id\":\"https:\/\/lagrandeforet.ca\/fr\/#organization\",\"name\":\"La Grande For\u00eat\",\"url\":\"https:\/\/lagrandeforet.ca\/fr\/\",\"logo\":{\"@type\":\"ImageObject\",\"inLanguage\":\"en-US\",\"@id\":\"https:\/\/lagrandeforet.ca\/fr\/#\/schema\/logo\/image\/\",\"url\":\"https:\/\/lagrandeforet.ca\/fr\/wp-content\/uploads\/2018\/12\/La-Grande-Foret.png\",\"contentUrl\":\"https:\/\/lagrandeforet.ca\/fr\/wp-content\/uploads\/2018\/12\/La-Grande-Foret.png\",\"width\":600,\"height\":600,\"caption\":\"La Grande For\u00eat\"},\"image\":{\"@id\":\"https:\/\/lagrandeforet.ca\/fr\/#\/schema\/logo\/image\/\"},\"sameAs\":[\"https:\/\/www.facebook.com\/La-Grande-Foret-1327298187410681\/\",\"https:\/\/x.com\/LaGrandeForet\",\"https:\/\/www.instagram.com\/lagrandeforet\/\"]}]}<\/script>\n<!-- \/ Yoast SEO plugin. -->","yoast_head_json":{"title":"Plan Du Domaine - La Grande Foret - Mont-Tremblant, Canada.","robots":{"index":"noindex","follow":"follow","max-snippet":"max-snippet:-1","max-image-preview":"max-image-preview:large","max-video-preview":"max-video-preview:-1"},"og_locale":"en_US","og_type":"article","og_title":"Plan Du Domaine - La Grande Foret - Mont-Tremblant, Canada.","og_description":"La Grande For\u00eat est configur\u00e9e strat\u00e9giquement avec deux points d\u2019acc\u00e8s limit\u00e9 \u00e0 ses propri\u00e9taires et leurs invit\u00e9s La Grande For\u00eat est configur\u00e9e strat\u00e9giquement avec deux points d\u2019acc\u00e8s limit\u00e9. L\u2019entr\u00e9e nord permet une courte promenade dans le village de la Station. L\u2019entr\u00e9e sud permet un acc\u00e8s rapide au secteur \u00ab Vieux village \u00bb de Tremblant, au [&hellip;]","og_url":"https:\/\/lagrandeforet.ca\/fr\/plan-du-domaine\/","og_site_name":"La Grande Foret - Mont-Tremblant, Canada.","article_publisher":"https:\/\/www.facebook.com\/La-Grande-Foret-1327298187410681\/","article_modified_time":"2024-04-30T13:44:40+00:00","og_image":[{"width":1300,"height":760,"url":"https:\/\/lagrandeforet.ca\/fr\/wp-content\/uploads\/2019\/06\/lagrandeforet_property.jpg","type":"image\/jpeg"}],"twitter_card":"summary_large_image","twitter_site":"@LaGrandeForet","twitter_misc":{"Est. reading time":"2 minutes"},"schema":{"@context":"https:\/\/schema.org","@graph":[{"@type":"WebPage","@id":"https:\/\/lagrandeforet.ca\/fr\/plan-du-domaine\/","url":"https:\/\/lagrandeforet.ca\/fr\/plan-du-domaine\/","name":"Plan Du Domaine - La Grande Foret - Mont-Tremblant, Canada.","isPartOf":{"@id":"https:\/\/lagrandeforet.ca\/fr\/#website"},"primaryImageOfPage":{"@id":"https:\/\/lagrandeforet.ca\/fr\/plan-du-domaine\/#primaryimage"},"image":{"@id":"https:\/\/lagrandeforet.ca\/fr\/plan-du-domaine\/#primaryimage"},"thumbnailUrl":"https:\/\/lagrandeforet.ca\/fr\/wp-content\/uploads\/2019\/06\/lagrandeforet_property.jpg","datePublished":"2019-06-18T15:29:36+00:00","dateModified":"2024-04-30T13:44:40+00:00","breadcrumb":{"@id":"https:\/\/lagrandeforet.ca\/fr\/plan-du-domaine\/#breadcrumb"},"inLanguage":"en-US","potentialAction":[{"@type":"ReadAction","target":["https:\/\/lagrandeforet.ca\/fr\/plan-du-domaine\/"]}]},{"@type":"ImageObject","inLanguage":"en-US","@id":"https:\/\/lagrandeforet.ca\/fr\/plan-du-domaine\/#primaryimage","url":"https:\/\/lagrandeforet.ca\/fr\/wp-content\/uploads\/2019\/06\/lagrandeforet_property.jpg","contentUrl":"https:\/\/lagrandeforet.ca\/fr\/wp-content\/uploads\/2019\/06\/lagrandeforet_property.jpg","width":1300,"height":760,"caption":"La Grande For\u00eat is a private gated residential community"},{"@type":"BreadcrumbList","@id":"https:\/\/lagrandeforet.ca\/fr\/plan-du-domaine\/#breadcrumb","itemListElement":[{"@type":"ListItem","position":1,"name":"Home","item":"https:\/\/lagrandeforet.ca\/fr\/"},{"@type":"ListItem","position":2,"name":"Plan Du Domaine"}]},{"@type":"WebSite","@id":"https:\/\/lagrandeforet.ca\/fr\/#website","url":"https:\/\/lagrandeforet.ca\/fr\/","name":"La Grande Foret - Mont-Tremblant, Canada.","description":"La Grande For\u00eat is a private gated residential community and a luxury vacation rentals with world-class service","publisher":{"@id":"https:\/\/lagrandeforet.ca\/fr\/#organization"},"potentialAction":[{"@type":"SearchAction","target":{"@type":"EntryPoint","urlTemplate":"https:\/\/lagrandeforet.ca\/fr\/?s={search_term_string}"},"query-input":{"@type":"PropertyValueSpecification","valueRequired":true,"valueName":"search_term_string"}}],"inLanguage":"en-US"},{"@type":"Organization","@id":"https:\/\/lagrandeforet.ca\/fr\/#organization","name":"La Grande For\u00eat","url":"https:\/\/lagrandeforet.ca\/fr\/","logo":{"@type":"ImageObject","inLanguage":"en-US","@id":"https:\/\/lagrandeforet.ca\/fr\/#\/schema\/logo\/image\/","url":"https:\/\/lagrandeforet.ca\/fr\/wp-content\/uploads\/2018\/12\/La-Grande-Foret.png","contentUrl":"https:\/\/lagrandeforet.ca\/fr\/wp-content\/uploads\/2018\/12\/La-Grande-Foret.png","width":600,"height":600,"caption":"La Grande For\u00eat"},"image":{"@id":"https:\/\/lagrandeforet.ca\/fr\/#\/schema\/logo\/image\/"},"sameAs":["https:\/\/www.facebook.com\/La-Grande-Foret-1327298187410681\/","https:\/\/x.com\/LaGrandeForet","https:\/\/www.instagram.com\/lagrandeforet\/"]}]}},"post_mailing_queue_ids":[],"_links":{"self":[{"href":"https:\/\/lagrandeforet.ca\/fr\/wp-json\/wp\/v2\/pages\/368","targetHints":{"allow":["GET"]}}],"collection":[{"href":"https:\/\/lagrandeforet.ca\/fr\/wp-json\/wp\/v2\/pages"}],"about":[{"href":"https:\/\/lagrandeforet.ca\/fr\/wp-json\/wp\/v2\/types\/page"}],"author":[{"embeddable":true,"href":"https:\/\/lagrandeforet.ca\/fr\/wp-json\/wp\/v2\/users\/2"}],"replies":[{"embeddable":true,"href":"https:\/\/lagrandeforet.ca\/fr\/wp-json\/wp\/v2\/comments?post=368"}],"version-history":[{"count":35,"href":"https:\/\/lagrandeforet.ca\/fr\/wp-json\/wp\/v2\/pages\/368\/revisions"}],"predecessor-version":[{"id":936,"href":"https:\/\/lagrandeforet.ca\/fr\/wp-json\/wp\/v2\/pages\/368\/revisions\/936"}],"wp:featuredmedia":[{"embeddable":true,"href":"https:\/\/lagrandeforet.ca\/fr\/wp-json\/wp\/v2\/media\/411"}],"wp:attachment":[{"href":"https:\/\/lagrandeforet.ca\/fr\/wp-json\/wp\/v2\/media?parent=368"}],"curies":[{"name":"wp","href":"https:\/\/api.w.org\/{rel}","templated":true}]}}